{"id":1049,"date":"2023-07-12T07:58:36","date_gmt":"2023-07-12T07:58:36","guid":{"rendered":"https:\/\/drcinqatar.org\/ordinary-biometric-congolese-passport\/"},"modified":"2024-05-14T11:51:05","modified_gmt":"2024-05-14T11:51:05","slug":"passeport-ordinaire-congolais-biometrique","status":"publish","type":"page","link":"https:\/\/drcinqatar.org\/fr\/passeport-ordinaire-congolais-biometrique\/","title":{"rendered":"Passeport ordinaire congolais biom\u00e9trique"},"content":{"rendered":"\t\t<div data-elementor-type=\"wp-page\" data-elementor-id=\"1049\" class=\"elementor elementor-1049 elementor-1047\" data-elementor-post-type=\"page\">\n\t\t\t\t\t\t<section class=\"elementor-section elementor-top-section elementor-element elementor-element-a9abb10 elementor-section-boxed elementor-section-height-default elementor-section-height-default\" data-id=\"a9abb10\" data-element_type=\"section\" data-e-type=\"section\" data-settings=\"{&quot;background_background&quot;:&quot;classic&quot;}\">\n\t\t\t\t\t\t<div class=\"elementor-container elementor-column-gap-default\">\n\t\t\t\t\t<div class=\"elementor-column elementor-col-100 elementor-top-column elementor-element elementor-element-112c453\" data-id=\"112c453\" data-element_type=\"column\" data-e-type=\"column\">\n\t\t\t<div class=\"elementor-widget-wrap elementor-element-populated\">\n\t\t\t\t\t\t<div class=\"elementor-element elementor-element-9261105 elementor-widget elementor-widget-heading\" data-id=\"9261105\" data-element_type=\"widget\" data-e-type=\"widget\" data-widget_type=\"heading.default\">\n\t\t\t\t<div class=\"elementor-widget-container\">\n\t\t\t\t\t<h2 class=\"elementor-heading-title elementor-size-default\">Passeport ordinaire congolais biom\u00e9trique <\/h2>\t\t\t\t<\/div>\n\t\t\t\t<\/div>\n\t\t\t\t\t<\/div>\n\t\t<\/div>\n\t\t\t\t\t<\/div>\n\t\t<\/section>\n\t\t\t\t<section class=\"elementor-section elementor-top-section elementor-element elementor-element-82f151c elementor-section-boxed elementor-section-height-default elementor-section-height-default\" data-id=\"82f151c\" data-element_type=\"section\" data-e-type=\"section\">\n\t\t\t\t\t\t<div class=\"elementor-container elementor-column-gap-default\">\n\t\t\t\t\t<div class=\"elementor-column elementor-col-100 elementor-top-column elementor-element elementor-element-9a452b6\" data-id=\"9a452b6\" data-element_type=\"column\" data-e-type=\"column\">\n\t\t\t<div class=\"elementor-widget-wrap elementor-element-populated\">\n\t\t\t\t\t\t<section class=\"elementor-section elementor-inner-section elementor-element elementor-element-2ecb0ac elementor-section-boxed elementor-section-height-default elementor-section-height-default\" data-id=\"2ecb0ac\" data-element_type=\"section\" data-e-type=\"section\">\n\t\t\t\t\t\t<div class=\"elementor-container elementor-column-gap-default\">\n\t\t\t\t\t<div class=\"elementor-column elementor-col-50 elementor-inner-column elementor-element elementor-element-4a41ffb\" data-id=\"4a41ffb\" data-element_type=\"column\" data-e-type=\"column\">\n\t\t\t<div class=\"elementor-widget-wrap elementor-element-populated\">\n\t\t\t\t\t\t<div class=\"elementor-element elementor-element-fa0ddb3 elementor-nav-menu--dropdown-none elementor-nav-menu__align-start elementor-hidden-mobile elementor-widget elementor-widget-nav-menu\" data-id=\"fa0ddb3\" data-element_type=\"widget\" data-e-type=\"widget\" data-settings=\"{&quot;layout&quot;:&quot;vertical&quot;,&quot;submenu_icon&quot;:{&quot;value&quot;:&quot;&lt;i class=\\&quot;fas fa-caret-down\\&quot; aria-hidden=\\&quot;true\\&quot;&gt;&lt;\\\/i&gt;&quot;,&quot;library&quot;:&quot;fa-solid&quot;}}\" data-widget_type=\"nav-menu.default\">\n\t\t\t\t<div class=\"elementor-widget-container\">\n\t\t\t\t\t\t\t\t<nav aria-label=\"Menu\" class=\"elementor-nav-menu--main elementor-nav-menu__container elementor-nav-menu--layout-vertical e--pointer-none\">\n\t\t\t\t<ul id=\"menu-1-fa0ddb3\" class=\"elementor-nav-menu sm-vertical\"><li class=\"menu-item menu-item-type-post_type menu-item-object-page menu-item-2441\"><a href=\"https:\/\/drcinqatar.org\/ordinary-visa\/\" class=\"elementor-item\">Visa ordinaire<\/a><\/li>\n<li class=\"menu-item menu-item-type-post_type menu-item-object-page menu-item-2440\"><a href=\"https:\/\/drcinqatar.org\/ordinary-biometric-congolese-passport\/\" class=\"elementor-item\">Passeport ordinaire congolais biom\u00e9trique<\/a><\/li>\n<li class=\"menu-item menu-item-type-post_type menu-item-object-page menu-item-2438\"><a href=\"https:\/\/drcinqatar.org\/certificates-and-other-services\/\" class=\"elementor-item\">Attestations et autres services divers<\/a><\/li>\n<li class=\"menu-item menu-item-type-post_type menu-item-object-page menu-item-2439\"><a href=\"https:\/\/drcinqatar.org\/legalization-of-documents\/\" class=\"elementor-item\">L\u00e9galisation des documents<\/a><\/li>\n<\/ul>\t\t\t<\/nav>\n\t\t\t\t\t\t<nav class=\"elementor-nav-menu--dropdown elementor-nav-menu__container\" aria-hidden=\"true\">\n\t\t\t\t<ul id=\"menu-2-fa0ddb3\" class=\"elementor-nav-menu sm-vertical\"><li class=\"menu-item menu-item-type-post_type menu-item-object-page menu-item-2441\"><a href=\"https:\/\/drcinqatar.org\/ordinary-visa\/\" class=\"elementor-item\" tabindex=\"-1\">Visa ordinaire<\/a><\/li>\n<li class=\"menu-item menu-item-type-post_type menu-item-object-page menu-item-2440\"><a href=\"https:\/\/drcinqatar.org\/ordinary-biometric-congolese-passport\/\" class=\"elementor-item\" tabindex=\"-1\">Passeport ordinaire congolais biom\u00e9trique<\/a><\/li>\n<li class=\"menu-item menu-item-type-post_type menu-item-object-page menu-item-2438\"><a href=\"https:\/\/drcinqatar.org\/certificates-and-other-services\/\" class=\"elementor-item\" tabindex=\"-1\">Attestations et autres services divers<\/a><\/li>\n<li class=\"menu-item menu-item-type-post_type menu-item-object-page menu-item-2439\"><a href=\"https:\/\/drcinqatar.org\/legalization-of-documents\/\" class=\"elementor-item\" tabindex=\"-1\">L\u00e9galisation des documents<\/a><\/li>\n<\/ul>\t\t\t<\/nav>\n\t\t\t\t\t\t<\/div>\n\t\t\t\t<\/div>\n\t\t\t\t<div class=\"elementor-element elementor-element-1ad7155 elementor-nav-menu--dropdown-none elementor-nav-menu__align-start elementor-hidden-desktop elementor-hidden-tablet elementor-widget elementor-widget-nav-menu\" data-id=\"1ad7155\" data-element_type=\"widget\" data-e-type=\"widget\" data-settings=\"{&quot;layout&quot;:&quot;horizontal&quot;,&quot;submenu_icon&quot;:{&quot;value&quot;:&quot;&lt;i class=\\&quot;fas fa-caret-down\\&quot; aria-hidden=\\&quot;true\\&quot;&gt;&lt;\\\/i&gt;&quot;,&quot;library&quot;:&quot;fa-solid&quot;}}\" data-widget_type=\"nav-menu.default\">\n\t\t\t\t<div class=\"elementor-widget-container\">\n\t\t\t\t\t\t\t\t<nav aria-label=\"Menu\" class=\"elementor-nav-menu--main elementor-nav-menu__container elementor-nav-menu--layout-horizontal e--pointer-none\">\n\t\t\t\t<ul id=\"menu-1-1ad7155\" class=\"elementor-nav-menu\"><li class=\"menu-item menu-item-type-post_type menu-item-object-page menu-item-2441\"><a href=\"https:\/\/drcinqatar.org\/ordinary-visa\/\" class=\"elementor-item\">Visa ordinaire<\/a><\/li>\n<li class=\"menu-item menu-item-type-post_type menu-item-object-page menu-item-2440\"><a href=\"https:\/\/drcinqatar.org\/ordinary-biometric-congolese-passport\/\" class=\"elementor-item\">Passeport ordinaire congolais biom\u00e9trique<\/a><\/li>\n<li class=\"menu-item menu-item-type-post_type menu-item-object-page menu-item-2438\"><a href=\"https:\/\/drcinqatar.org\/certificates-and-other-services\/\" class=\"elementor-item\">Attestations et autres services divers<\/a><\/li>\n<li class=\"menu-item menu-item-type-post_type menu-item-object-page menu-item-2439\"><a href=\"https:\/\/drcinqatar.org\/legalization-of-documents\/\" class=\"elementor-item\">L\u00e9galisation des documents<\/a><\/li>\n<\/ul>\t\t\t<\/nav>\n\t\t\t\t\t\t<nav class=\"elementor-nav-menu--dropdown elementor-nav-menu__container\" aria-hidden=\"true\">\n\t\t\t\t<ul id=\"menu-2-1ad7155\" class=\"elementor-nav-menu\"><li class=\"menu-item menu-item-type-post_type menu-item-object-page menu-item-2441\"><a href=\"https:\/\/drcinqatar.org\/ordinary-visa\/\" class=\"elementor-item\" tabindex=\"-1\">Visa ordinaire<\/a><\/li>\n<li class=\"menu-item menu-item-type-post_type menu-item-object-page menu-item-2440\"><a href=\"https:\/\/drcinqatar.org\/ordinary-biometric-congolese-passport\/\" class=\"elementor-item\" tabindex=\"-1\">Passeport ordinaire congolais biom\u00e9trique<\/a><\/li>\n<li class=\"menu-item menu-item-type-post_type menu-item-object-page menu-item-2438\"><a href=\"https:\/\/drcinqatar.org\/certificates-and-other-services\/\" class=\"elementor-item\" tabindex=\"-1\">Attestations et autres services divers<\/a><\/li>\n<li class=\"menu-item menu-item-type-post_type menu-item-object-page menu-item-2439\"><a href=\"https:\/\/drcinqatar.org\/legalization-of-documents\/\" class=\"elementor-item\" tabindex=\"-1\">L\u00e9galisation des documents<\/a><\/li>\n<\/ul>\t\t\t<\/nav>\n\t\t\t\t\t\t<\/div>\n\t\t\t\t<\/div>\n\t\t\t\t\t<\/div>\n\t\t<\/div>\n\t\t\t\t<div class=\"elementor-column elementor-col-50 elementor-inner-column elementor-element elementor-element-200a298\" data-id=\"200a298\" data-element_type=\"column\" data-e-type=\"column\">\n\t\t\t<div class=\"elementor-widget-wrap elementor-element-populated\">\n\t\t\t\t\t\t<div class=\"elementor-element elementor-element-1c04b64 elementor-widget__width-auto elementor-view-default elementor-widget elementor-widget-icon\" data-id=\"1c04b64\" data-element_type=\"widget\" data-e-type=\"widget\" data-widget_type=\"icon.default\">\n\t\t\t\t<div class=\"elementor-widget-container\">\n\t\t\t\t\t\t\t<div class=\"elementor-icon-wrapper\">\n\t\t\t<div class=\"elementor-icon\">\n\t\t\t<svg xmlns=\"http:\/\/www.w3.org\/2000\/svg\" width=\"1200pt\" height=\"1200pt\" viewBox=\"0 0 1200 1200\"><g fill=\"#ea1c33\" fill-rule=\"evenodd\"><path d=\"m598.14 338.08 59.445 185.76h196.9l-159.75 111.45 63.156 185.76-159.75-115.17-156.04 115.17 59.441-185.76-156.04-111.45h193.19z\"><\/path><path d=\"m995.66 475.54 48.297 148.61h156.04l-126.32 89.164 48.297 148.61-126.32-92.879-126.31 92.879 48.297-148.61-126.32-89.164h156.04z\"><\/path><path d=\"m204.34 475.54-48.297 148.61h-156.04l126.32 89.164-48.297 148.61 126.32-92.879 126.31 92.879-48.297-148.61 126.32-89.164h-156.04z\"><\/path><\/g><\/svg>\t\t\t<\/div>\n\t\t<\/div>\n\t\t\t\t\t\t<\/div>\n\t\t\t\t<\/div>\n\t\t\t\t<div class=\"elementor-element elementor-element-0a67e46 elementor-widget elementor-widget-heading\" data-id=\"0a67e46\" data-element_type=\"widget\" data-e-type=\"widget\" data-widget_type=\"heading.default\">\n\t\t\t\t<div class=\"elementor-widget-container\">\n\t\t\t\t\t<h2 class=\"elementor-heading-title elementor-size-default\">Passeport ordinaire congolais biom\u00e9trique <\/h2>\t\t\t\t<\/div>\n\t\t\t\t<\/div>\n\t\t\t\t<div class=\"elementor-element elementor-element-bc8d535 elementor-widget-divider--view-line elementor-widget elementor-widget-divider\" data-id=\"bc8d535\" data-element_type=\"widget\" data-e-type=\"widget\" data-widget_type=\"divider.default\">\n\t\t\t\t<div class=\"elementor-widget-container\">\n\t\t\t\t\t\t\t<div class=\"elementor-divider\">\n\t\t\t<span class=\"elementor-divider-separator\">\n\t\t\t\t\t\t<\/span>\n\t\t<\/div>\n\t\t\t\t\t\t<\/div>\n\t\t\t\t<\/div>\n\t\t\t\t<div class=\"elementor-element elementor-element-99e559d elementor-widget elementor-widget-heading\" data-id=\"99e559d\" data-element_type=\"widget\" data-e-type=\"widget\" data-widget_type=\"heading.default\">\n\t\t\t\t<div class=\"elementor-widget-container\">\n\t\t\t\t\t<h2 class=\"elementor-heading-title elementor-size-default\">1. Pour les adultes<\/h2>\t\t\t\t<\/div>\n\t\t\t\t<\/div>\n\t\t\t\t<div class=\"elementor-element elementor-element-dd1d102 elementor-widget elementor-widget-text-editor\" data-id=\"dd1d102\" data-element_type=\"widget\" data-e-type=\"widget\" data-widget_type=\"text-editor.default\">\n\t\t\t\t<div class=\"elementor-widget-container\">\n\t\t\t\t\t\t\t\t\t<p>1. Avoir un ancien passeport congolais ;<\/p><p>2. Avoir un document de s\u00e9jour d\u00e9livr\u00e9 par le pays h\u00f4te ;<\/p><p><strong>IMPORTANT<\/strong>\u00a0: Lors de votre rendez-vous \u00e0 l\u2019ambassade,\u00a0<strong>si l\u2019un des deux documents repris ci-dessus (ancien passeport congolais ou document de s\u00e9jour<\/strong>)\u00a0<strong>est manquant<\/strong>,\u00a0l\u2019obtention du passeport n\u00e9cessitera l\u2019identification de la personne via le service appropri\u00e9. Il vous sera alors demand\u00e9 d\u2019apporter tout autre document susceptible de vous identifier.<\/p><p>L\u2019ambassade, dans le strict respect des instructions de la hi\u00e9rarchie de tutelle, demande \u00e0 tout(e) requ\u00e9rant(e) de prendre toutes ses dispositions, avant la date fix\u00e9e, pour disposer d\u2019un dossier complet en vue de faciliter le d\u00e9roulement normal de la proc\u00e9dure.<\/p>\t\t\t\t\t\t\t\t<\/div>\n\t\t\t\t<\/div>\n\t\t\t\t<div class=\"elementor-element elementor-element-9227efa elementor-widget elementor-widget-heading\" data-id=\"9227efa\" data-element_type=\"widget\" data-e-type=\"widget\" data-widget_type=\"heading.default\">\n\t\t\t\t<div class=\"elementor-widget-container\">\n\t\t\t\t\t<h2 class=\"elementor-heading-title elementor-size-default\">2. Pour les enfants mineurs\n<\/h2>\t\t\t\t<\/div>\n\t\t\t\t<\/div>\n\t\t\t\t<div class=\"elementor-element elementor-element-9c7bdda elementor-widget elementor-widget-text-editor\" data-id=\"9c7bdda\" data-element_type=\"widget\" data-e-type=\"widget\" data-widget_type=\"text-editor.default\">\n\t\t\t\t<div class=\"elementor-widget-container\">\n\t\t\t\t\t\t\t\t\t<ol><li><div class=\"elementor-element elementor-element-645b8255 elementor-widget elementor-widget-text-editor\" data-id=\"645b8255\" data-element_type=\"widget\" data-widget_type=\"text-editor.default\"><div class=\"elementor-widget-container\"><ol><li>Avoir un ancien passeport congolais<\/li><li>Avoir une carte de s\u00e9jour du pays h\u00f4te<\/li><li>Dans le cas o\u00f9 un des deux documents repris ci-dessus (ancien passeport congolais et document de s\u00e9jour) est manquant, l\u2019obtention du passeport n\u00e9cessitera alors l\u2019identification de la personne via le service appropri\u00e9.<\/li><li>Et il lui sera alors demand\u00e9 les documents compl\u00e9mentaires\u00a0suivants :<ol><li>Acte de naissance (original)<\/li><li>Autorisation parentale<\/li><li>Composition de m\u00e9nage<\/li><\/ol><\/li><\/ol><\/div><\/div><\/li><\/ol>\t\t\t\t\t\t\t\t<\/div>\n\t\t\t\t<\/div>\n\t\t\t\t<div class=\"elementor-element elementor-element-d7950fb elementor-widget elementor-widget-text-editor\" data-id=\"d7950fb\" data-element_type=\"widget\" data-e-type=\"widget\" data-widget_type=\"text-editor.default\">\n\t\t\t\t<div class=\"elementor-widget-container\">\n\t\t\t\t\t\t\t\t\t<p>NB: On-site photo taking is charged at QR40.<\/p>\t\t\t\t\t\t\t\t<\/div>\n\t\t\t\t<\/div>\n\t\t\t\t\t<\/div>\n\t\t<\/div>\n\t\t\t\t\t<\/div>\n\t\t<\/section>\n\t\t\t\t\t<\/div>\n\t\t<\/div>\n\t\t\t\t\t<\/div>\n\t\t<\/section>\n\t\t\t\t<\/div>\n\t\t","protected":false},"excerpt":{"rendered":"<p>Passeport ordinaire congolais biom\u00e9trique Passeport ordinaire congolais biom\u00e9trique 1. Pour les adultes 1. Avoir un ancien passeport congolais ; 2. Avoir un document de s\u00e9jour d\u00e9livr\u00e9 par le pays h\u00f4te ; IMPORTANT\u00a0: Lors de votre rendez-vous \u00e0 l\u2019ambassade,\u00a0si l\u2019un des deux documents repris ci-dessus (ancien passeport congolais ou document de s\u00e9jour)\u00a0est manquant,\u00a0l\u2019obtention du passeport n\u00e9cessitera [&hellip;]<\/p>\n","protected":false},"author":2,"featured_media":0,"parent":0,"menu_order":0,"comment_status":"closed","ping_status":"closed","template":"elementor_header_footer","meta":{"_view_id":"","footnotes":""},"class_list":["post-1049","page","type-page","status-publish","hentry"],"_links":{"self":[{"href":"https:\/\/drcinqatar.org\/fr\/wp-json\/wp\/v2\/pages\/1049","targetHints":{"allow":["GET"]}}],"collection":[{"href":"https:\/\/drcinqatar.org\/fr\/wp-json\/wp\/v2\/pages"}],"about":[{"href":"https:\/\/drcinqatar.org\/fr\/wp-json\/wp\/v2\/types\/page"}],"author":[{"embeddable":true,"href":"https:\/\/drcinqatar.org\/fr\/wp-json\/wp\/v2\/users\/2"}],"replies":[{"embeddable":true,"href":"https:\/\/drcinqatar.org\/fr\/wp-json\/wp\/v2\/comments?post=1049"}],"version-history":[{"count":76,"href":"https:\/\/drcinqatar.org\/fr\/wp-json\/wp\/v2\/pages\/1049\/revisions"}],"predecessor-version":[{"id":2771,"href":"https:\/\/drcinqatar.org\/fr\/wp-json\/wp\/v2\/pages\/1049\/revisions\/2771"}],"wp:attachment":[{"href":"https:\/\/drcinqatar.org\/fr\/wp-json\/wp\/v2\/media?parent=1049"}],"curies":[{"name":"wp","href":"https:\/\/api.w.org\/{rel}","templated":true}]}}