{"id":734,"date":"2023-04-05T07:56:07","date_gmt":"2023-04-05T07:56:07","guid":{"rendered":"https:\/\/drcinqatar.org\/our-history\/"},"modified":"2025-12-29T17:25:19","modified_gmt":"2025-12-29T17:25:19","slug":"our-history","status":"publish","type":"page","link":"https:\/\/drcinqatar.org\/fr\/our-history\/","title":{"rendered":"Our History"},"content":{"rendered":"\t\t<div data-elementor-type=\"wp-page\" data-elementor-id=\"734\" class=\"elementor elementor-734 elementor-15\" data-elementor-post-type=\"page\">\n\t\t\t\t\t\t<section class=\"elementor-section elementor-top-section elementor-element elementor-element-1df1b0c9 elementor-section-boxed elementor-section-height-default elementor-section-height-default\" data-id=\"1df1b0c9\" data-element_type=\"section\" data-e-type=\"section\" data-settings=\"{&quot;background_background&quot;:&quot;classic&quot;}\">\n\t\t\t\t\t\t<div class=\"elementor-container elementor-column-gap-default\">\n\t\t\t\t\t<div class=\"elementor-column elementor-col-100 elementor-top-column elementor-element elementor-element-717b1c6d\" data-id=\"717b1c6d\" data-element_type=\"column\" data-e-type=\"column\">\n\t\t\t<div class=\"elementor-widget-wrap elementor-element-populated\">\n\t\t\t\t\t\t<div class=\"elementor-element elementor-element-588b499c elementor-widget elementor-widget-heading\" data-id=\"588b499c\" data-element_type=\"widget\" data-e-type=\"widget\" data-widget_type=\"heading.default\">\n\t\t\t\t<div class=\"elementor-widget-container\">\n\t\t\t\t\t<h2 class=\"elementor-heading-title elementor-size-default\">Histoire<\/h2>\t\t\t\t<\/div>\n\t\t\t\t<\/div>\n\t\t\t\t\t<\/div>\n\t\t<\/div>\n\t\t\t\t\t<\/div>\n\t\t<\/section>\n\t\t\t\t<section class=\"elementor-section elementor-top-section elementor-element elementor-element-251b6bbc elementor-section-boxed elementor-section-height-default elementor-section-height-default\" data-id=\"251b6bbc\" data-element_type=\"section\" data-e-type=\"section\">\n\t\t\t\t\t\t<div class=\"elementor-container elementor-column-gap-default\">\n\t\t\t\t\t<div class=\"elementor-column elementor-col-100 elementor-top-column elementor-element elementor-element-14908a8c\" data-id=\"14908a8c\" data-element_type=\"column\" data-e-type=\"column\">\n\t\t\t<div class=\"elementor-widget-wrap elementor-element-populated\">\n\t\t\t\t\t\t<section class=\"elementor-section elementor-inner-section elementor-element elementor-element-aac8e22 elementor-section-boxed elementor-section-height-default elementor-section-height-default\" data-id=\"aac8e22\" data-element_type=\"section\" data-e-type=\"section\">\n\t\t\t\t\t\t<div class=\"elementor-container elementor-column-gap-default\">\n\t\t\t\t\t<div class=\"elementor-column elementor-col-50 elementor-inner-column elementor-element elementor-element-5bfb0271\" data-id=\"5bfb0271\" data-element_type=\"column\" data-e-type=\"column\">\n\t\t\t<div class=\"elementor-widget-wrap elementor-element-populated\">\n\t\t\t\t\t\t<div class=\"elementor-element elementor-element-2f7dbadf elementor-nav-menu--dropdown-none elementor-hidden-mobile elementor-widget elementor-widget-nav-menu\" data-id=\"2f7dbadf\" data-element_type=\"widget\" data-e-type=\"widget\" data-settings=\"{&quot;layout&quot;:&quot;vertical&quot;,&quot;submenu_icon&quot;:{&quot;value&quot;:&quot;&lt;i class=\\&quot;fas fa-caret-down\\&quot; aria-hidden=\\&quot;true\\&quot;&gt;&lt;\\\/i&gt;&quot;,&quot;library&quot;:&quot;fa-solid&quot;}}\" data-widget_type=\"nav-menu.default\">\n\t\t\t\t<div class=\"elementor-widget-container\">\n\t\t\t\t\t\t\t\t<nav aria-label=\"Menu\" class=\"elementor-nav-menu--main elementor-nav-menu__container elementor-nav-menu--layout-vertical e--pointer-none\">\n\t\t\t\t<ul id=\"menu-1-2f7dbadf\" class=\"elementor-nav-menu sm-vertical\"><li class=\"menu-item menu-item-type-post_type menu-item-object-page menu-item-785\"><a href=\"https:\/\/drcinqatar.org\/fr\/about\/\" class=\"elementor-item\">\u00c0 propos<\/a><\/li>\n<li class=\"menu-item menu-item-type-post_type menu-item-object-page menu-item-786\"><a href=\"https:\/\/drcinqatar.org\/fr\/general-facts\/\" class=\"elementor-item\">Faits g\u00e9n\u00e9raux<\/a><\/li>\n<li class=\"menu-item menu-item-type-post_type menu-item-object-page menu-item-787\"><a href=\"https:\/\/drcinqatar.org\/fr\/our-history\/\" class=\"elementor-item\">Histoire<\/a><\/li>\n<li class=\"menu-item menu-item-type-post_type menu-item-object-page menu-item-788\"><a href=\"https:\/\/drcinqatar.org\/fr\/geography\/\" class=\"elementor-item\">G\u00e9ographie<\/a><\/li>\n<li class=\"menu-item menu-item-type-post_type menu-item-object-page menu-item-789\"><a href=\"https:\/\/drcinqatar.org\/fr\/government\/\" class=\"elementor-item\">Gouvernement<\/a><\/li>\n<li class=\"menu-item menu-item-type-post_type menu-item-object-page menu-item-790\"><a href=\"https:\/\/drcinqatar.org\/fr\/culture\/\" class=\"elementor-item\">Culture<\/a><\/li>\n<li class=\"menu-item menu-item-type-post_type menu-item-object-page menu-item-791\"><a href=\"https:\/\/drcinqatar.org\/fr\/economy-invest\/\" class=\"elementor-item\">\u00c9conomie<\/a><\/li>\n<li class=\"menu-item menu-item-type-post_type menu-item-object-page menu-item-2403\"><a href=\"https:\/\/drcinqatar.org\/fr\/mot-de-lambassadeur\/\" class=\"elementor-item\">Mot de l\u2019Ambassadeur<\/a><\/li>\n<\/ul>\t\t\t<\/nav>\n\t\t\t\t\t\t<nav class=\"elementor-nav-menu--dropdown elementor-nav-menu__container\" aria-hidden=\"true\">\n\t\t\t\t<ul id=\"menu-2-2f7dbadf\" class=\"elementor-nav-menu sm-vertical\"><li class=\"menu-item menu-item-type-post_type menu-item-object-page menu-item-785\"><a href=\"https:\/\/drcinqatar.org\/fr\/about\/\" class=\"elementor-item\" tabindex=\"-1\">\u00c0 propos<\/a><\/li>\n<li class=\"menu-item menu-item-type-post_type menu-item-object-page menu-item-786\"><a href=\"https:\/\/drcinqatar.org\/fr\/general-facts\/\" class=\"elementor-item\" tabindex=\"-1\">Faits g\u00e9n\u00e9raux<\/a><\/li>\n<li class=\"menu-item menu-item-type-post_type menu-item-object-page menu-item-787\"><a href=\"https:\/\/drcinqatar.org\/fr\/our-history\/\" class=\"elementor-item\" tabindex=\"-1\">Histoire<\/a><\/li>\n<li class=\"menu-item menu-item-type-post_type menu-item-object-page menu-item-788\"><a href=\"https:\/\/drcinqatar.org\/fr\/geography\/\" class=\"elementor-item\" tabindex=\"-1\">G\u00e9ographie<\/a><\/li>\n<li class=\"menu-item menu-item-type-post_type menu-item-object-page menu-item-789\"><a href=\"https:\/\/drcinqatar.org\/fr\/government\/\" class=\"elementor-item\" tabindex=\"-1\">Gouvernement<\/a><\/li>\n<li class=\"menu-item menu-item-type-post_type menu-item-object-page menu-item-790\"><a href=\"https:\/\/drcinqatar.org\/fr\/culture\/\" class=\"elementor-item\" tabindex=\"-1\">Culture<\/a><\/li>\n<li class=\"menu-item menu-item-type-post_type menu-item-object-page menu-item-791\"><a href=\"https:\/\/drcinqatar.org\/fr\/economy-invest\/\" class=\"elementor-item\" tabindex=\"-1\">\u00c9conomie<\/a><\/li>\n<li class=\"menu-item menu-item-type-post_type menu-item-object-page menu-item-2403\"><a href=\"https:\/\/drcinqatar.org\/fr\/mot-de-lambassadeur\/\" class=\"elementor-item\" tabindex=\"-1\">Mot de l\u2019Ambassadeur<\/a><\/li>\n<\/ul>\t\t\t<\/nav>\n\t\t\t\t\t\t<\/div>\n\t\t\t\t<\/div>\n\t\t\t\t<div class=\"elementor-element elementor-element-0799f11 elementor-nav-menu--dropdown-none elementor-hidden-desktop elementor-hidden-tablet elementor-widget elementor-widget-nav-menu\" data-id=\"0799f11\" data-element_type=\"widget\" data-e-type=\"widget\" data-settings=\"{&quot;layout&quot;:&quot;horizontal&quot;,&quot;submenu_icon&quot;:{&quot;value&quot;:&quot;&lt;i class=\\&quot;fas fa-caret-down\\&quot; aria-hidden=\\&quot;true\\&quot;&gt;&lt;\\\/i&gt;&quot;,&quot;library&quot;:&quot;fa-solid&quot;}}\" data-widget_type=\"nav-menu.default\">\n\t\t\t\t<div class=\"elementor-widget-container\">\n\t\t\t\t\t\t\t\t<nav aria-label=\"Menu\" class=\"elementor-nav-menu--main elementor-nav-menu__container elementor-nav-menu--layout-horizontal e--pointer-none\">\n\t\t\t\t<ul id=\"menu-1-0799f11\" class=\"elementor-nav-menu\"><li class=\"menu-item menu-item-type-post_type menu-item-object-page menu-item-785\"><a href=\"https:\/\/drcinqatar.org\/fr\/about\/\" class=\"elementor-item\">\u00c0 propos<\/a><\/li>\n<li class=\"menu-item menu-item-type-post_type menu-item-object-page menu-item-786\"><a href=\"https:\/\/drcinqatar.org\/fr\/general-facts\/\" class=\"elementor-item\">Faits g\u00e9n\u00e9raux<\/a><\/li>\n<li class=\"menu-item menu-item-type-post_type menu-item-object-page menu-item-787\"><a href=\"https:\/\/drcinqatar.org\/fr\/our-history\/\" class=\"elementor-item\">Histoire<\/a><\/li>\n<li class=\"menu-item menu-item-type-post_type menu-item-object-page menu-item-788\"><a href=\"https:\/\/drcinqatar.org\/fr\/geography\/\" class=\"elementor-item\">G\u00e9ographie<\/a><\/li>\n<li class=\"menu-item menu-item-type-post_type menu-item-object-page menu-item-789\"><a href=\"https:\/\/drcinqatar.org\/fr\/government\/\" class=\"elementor-item\">Gouvernement<\/a><\/li>\n<li class=\"menu-item menu-item-type-post_type menu-item-object-page menu-item-790\"><a href=\"https:\/\/drcinqatar.org\/fr\/culture\/\" class=\"elementor-item\">Culture<\/a><\/li>\n<li class=\"menu-item menu-item-type-post_type menu-item-object-page menu-item-791\"><a href=\"https:\/\/drcinqatar.org\/fr\/economy-invest\/\" class=\"elementor-item\">\u00c9conomie<\/a><\/li>\n<li class=\"menu-item menu-item-type-post_type menu-item-object-page menu-item-2403\"><a href=\"https:\/\/drcinqatar.org\/fr\/mot-de-lambassadeur\/\" class=\"elementor-item\">Mot de l\u2019Ambassadeur<\/a><\/li>\n<\/ul>\t\t\t<\/nav>\n\t\t\t\t\t\t<nav class=\"elementor-nav-menu--dropdown elementor-nav-menu__container\" aria-hidden=\"true\">\n\t\t\t\t<ul id=\"menu-2-0799f11\" class=\"elementor-nav-menu\"><li class=\"menu-item menu-item-type-post_type menu-item-object-page menu-item-785\"><a href=\"https:\/\/drcinqatar.org\/fr\/about\/\" class=\"elementor-item\" tabindex=\"-1\">\u00c0 propos<\/a><\/li>\n<li class=\"menu-item menu-item-type-post_type menu-item-object-page menu-item-786\"><a href=\"https:\/\/drcinqatar.org\/fr\/general-facts\/\" class=\"elementor-item\" tabindex=\"-1\">Faits g\u00e9n\u00e9raux<\/a><\/li>\n<li class=\"menu-item menu-item-type-post_type menu-item-object-page menu-item-787\"><a href=\"https:\/\/drcinqatar.org\/fr\/our-history\/\" class=\"elementor-item\" tabindex=\"-1\">Histoire<\/a><\/li>\n<li class=\"menu-item menu-item-type-post_type menu-item-object-page menu-item-788\"><a href=\"https:\/\/drcinqatar.org\/fr\/geography\/\" class=\"elementor-item\" tabindex=\"-1\">G\u00e9ographie<\/a><\/li>\n<li class=\"menu-item menu-item-type-post_type menu-item-object-page menu-item-789\"><a href=\"https:\/\/drcinqatar.org\/fr\/government\/\" class=\"elementor-item\" tabindex=\"-1\">Gouvernement<\/a><\/li>\n<li class=\"menu-item menu-item-type-post_type menu-item-object-page menu-item-790\"><a href=\"https:\/\/drcinqatar.org\/fr\/culture\/\" class=\"elementor-item\" tabindex=\"-1\">Culture<\/a><\/li>\n<li class=\"menu-item menu-item-type-post_type menu-item-object-page menu-item-791\"><a href=\"https:\/\/drcinqatar.org\/fr\/economy-invest\/\" class=\"elementor-item\" tabindex=\"-1\">\u00c9conomie<\/a><\/li>\n<li class=\"menu-item menu-item-type-post_type menu-item-object-page menu-item-2403\"><a href=\"https:\/\/drcinqatar.org\/fr\/mot-de-lambassadeur\/\" class=\"elementor-item\" tabindex=\"-1\">Mot de l\u2019Ambassadeur<\/a><\/li>\n<\/ul>\t\t\t<\/nav>\n\t\t\t\t\t\t<\/div>\n\t\t\t\t<\/div>\n\t\t\t\t\t<\/div>\n\t\t<\/div>\n\t\t\t\t<div class=\"elementor-column elementor-col-50 elementor-inner-column elementor-element elementor-element-15cb1b19\" data-id=\"15cb1b19\" data-element_type=\"column\" data-e-type=\"column\">\n\t\t\t<div class=\"elementor-widget-wrap elementor-element-populated\">\n\t\t\t\t\t\t<div class=\"elementor-element elementor-element-605309a3 elementor-widget elementor-widget-heading\" data-id=\"605309a3\" data-element_type=\"widget\" data-e-type=\"widget\" data-widget_type=\"heading.default\">\n\t\t\t\t<div class=\"elementor-widget-container\">\n\t\t\t\t\t<h2 class=\"elementor-heading-title elementor-size-default\">HISTOIRE<\/h2>\t\t\t\t<\/div>\n\t\t\t\t<\/div>\n\t\t\t\t<div class=\"elementor-element elementor-element-4d450fd1 elementor-widget elementor-widget-image\" data-id=\"4d450fd1\" data-element_type=\"widget\" data-e-type=\"widget\" data-widget_type=\"image.default\">\n\t\t\t\t<div class=\"elementor-widget-container\">\n\t\t\t\t\t\t\t\t\t\t\t\t\t\t\t<img fetchpriority=\"high\" decoding=\"async\" width=\"1024\" height=\"510\" src=\"https:\/\/drcinqatar.org\/wp-content\/uploads\/2023\/04\/LesPresidentsRDC_02-1024x510-1.webp\" class=\"attachment-full size-full wp-image-735\" alt=\"\" srcset=\"https:\/\/drcinqatar.org\/wp-content\/uploads\/2023\/04\/LesPresidentsRDC_02-1024x510-1.webp 1024w, https:\/\/drcinqatar.org\/wp-content\/uploads\/2023\/04\/LesPresidentsRDC_02-1024x510-1-300x149.webp 300w, https:\/\/drcinqatar.org\/wp-content\/uploads\/2023\/04\/LesPresidentsRDC_02-1024x510-1-768x383.webp 768w\" sizes=\"(max-width: 1024px) 100vw, 1024px\" \/>\t\t\t\t\t\t\t\t\t\t\t\t\t\t\t<\/div>\n\t\t\t\t<\/div>\n\t\t\t\t<div class=\"elementor-element elementor-element-441232ee elementor-widget elementor-widget-text-editor\" data-id=\"441232ee\" data-element_type=\"widget\" data-e-type=\"widget\" data-widget_type=\"text-editor.default\">\n\t\t\t\t<div class=\"elementor-widget-container\">\n\t\t\t\t\t\t\t\t\t<p>Il ne fait aucun doute que depuis ces derni\u00e8res ann\u00e9es, la R\u00e9publique D\u00e9mocratique du Congo conna\u00eet une nouvelle \u00e8re sur le plan politique, gr\u00e2ce \u00e0 laquelle il est d\u00e9sormais possible d\u2019esp\u00e9rer un formidable \u00e9lan dans le d\u00e9veloppement du tissu \u00e9conomique afin d\u2019am\u00e9liorer progressivement la situation sociale de la population.<\/p><p>En effet, depuis son ind\u00e9pendance le 30 juin 1960, la RD Congo a \u00e9t\u00e9 confront\u00e9e \u00e0 des crises politiques r\u00e9currentes, dont l\u2019une des causes fondamentales \u00e9tait la contestation de la l\u00e9gitimit\u00e9 des institutions et de leurs dirigeants.<\/p><p>Cette contestation a pris une ampleur particuli\u00e8re avec les guerres qui ont d\u00e9chir\u00e9 le pays de 1996 \u00e0 2003.<\/p><p>En vue de trouver des solutions appropri\u00e9es \u00e0 cette crise chronique, la Constitution du 18 f\u00e9vrier 2006 a \u00e9t\u00e9 promulgu\u00e9e apr\u00e8s l\u2019accord global et inclusif sign\u00e9 \u00e0 Pretoria le 17 d\u00e9cembre 2002.<\/p><p>Apr\u00e8s la promulgation de la Constitution susmentionn\u00e9e, la RDC a connu 3 cycles \u00e9lectoraux en 2006, 2011 et 2018.<\/p><p>Les \u00e9lections de 2018 ont pour particularit\u00e9 d\u2019avoir men\u00e9 \u00e0 une alternance au sommet de l\u2019\u00c9tat avec la victoire de Son Excellence Monsieur F\u00e9lix Antoine TSHISEKEDI TSHILOMBO, \u00e9lu Pr\u00e9sident de la R\u00e9publique d\u00e9mocratique du Congo \u00e0 l\u2019issue des \u00e9lections d\u00e9mocratiques et transparentes du 30 d\u00e9cembre 2018.<\/p><p>Cette victoire a \u00e9t\u00e9 consacr\u00e9e par la passation pacifique et civilis\u00e9e du pouvoir le 24 janvier 2019 entre le Pr\u00e9sident sortant Joseph KABILA et le Pr\u00e9sident entrant Felix Antoine TSHISEKEDI TSHILOMBO.<\/p><p>Ce changement d\u00e9mocratique est une premi\u00e8re dans la sous-r\u00e9gion de l\u2019Afrique centrale. C\u2019est un signal fort pour l\u2019instauration de l\u2019\u00c9tat de droit en RD Congo, gage d\u2019attractivit\u00e9 pour des investissements internationaux et d\u2019encouragement des investissements nationaux.<\/p><p>R\u00e9\u00e9lu avec 73,34 % des suffrages, Son Excellence Monsieur F\u00e9lix Antoine TSHISEKEDI TSHILOMBO a \u00e9t\u00e9 investi le 20 janvier 2024 pour un nouveau mandat constitutionnel de cinq ans, consolidant ainsi le processus d\u00e9mocratique et la stabilit\u00e9 institutionnelle de la R\u00e9publique d\u00e9mocratique du Congo.<\/p>\t\t\t\t\t\t\t\t<\/div>\n\t\t\t\t<\/div>\n\t\t\t\t\t<\/div>\n\t\t<\/div>\n\t\t\t\t\t<\/div>\n\t\t<\/section>\n\t\t\t\t\t<\/div>\n\t\t<\/div>\n\t\t\t\t\t<\/div>\n\t\t<\/section>\n\t\t\t\t<\/div>\n\t\t","protected":false},"excerpt":{"rendered":"<p>Histoire HISTOIRE Il ne fait aucun doute que depuis ces derni\u00e8res ann\u00e9es, la R\u00e9publique D\u00e9mocratique du Congo conna\u00eet une nouvelle \u00e8re sur le plan politique, gr\u00e2ce \u00e0 laquelle il est d\u00e9sormais possible d\u2019esp\u00e9rer un formidable \u00e9lan dans le d\u00e9veloppement du tissu \u00e9conomique afin d\u2019am\u00e9liorer progressivement la situation sociale de la population. En effet, depuis son [&hellip;]<\/p>\n","protected":false},"author":1,"featured_media":0,"parent":0,"menu_order":0,"comment_status":"closed","ping_status":"closed","template":"elementor_header_footer","meta":{"_view_id":"","footnotes":""},"class_list":["post-734","page","type-page","status-publish","hentry"],"_links":{"self":[{"href":"https:\/\/drcinqatar.org\/fr\/wp-json\/wp\/v2\/pages\/734","targetHints":{"allow":["GET"]}}],"collection":[{"href":"https:\/\/drcinqatar.org\/fr\/wp-json\/wp\/v2\/pages"}],"about":[{"href":"https:\/\/drcinqatar.org\/fr\/wp-json\/wp\/v2\/types\/page"}],"author":[{"embeddable":true,"href":"https:\/\/drcinqatar.org\/fr\/wp-json\/wp\/v2\/users\/1"}],"replies":[{"embeddable":true,"href":"https:\/\/drcinqatar.org\/fr\/wp-json\/wp\/v2\/comments?post=734"}],"version-history":[{"count":9,"href":"https:\/\/drcinqatar.org\/fr\/wp-json\/wp\/v2\/pages\/734\/revisions"}],"predecessor-version":[{"id":4598,"href":"https:\/\/drcinqatar.org\/fr\/wp-json\/wp\/v2\/pages\/734\/revisions\/4598"}],"wp:attachment":[{"href":"https:\/\/drcinqatar.org\/fr\/wp-json\/wp\/v2\/media?parent=734"}],"curies":[{"name":"wp","href":"https:\/\/api.w.org\/{rel}","templated":true}]}}