{"id":744,"date":"2023-04-05T07:57:06","date_gmt":"2023-04-05T07:57:06","guid":{"rendered":"https:\/\/drcinqatar.org\/government\/"},"modified":"2025-12-29T17:26:05","modified_gmt":"2025-12-29T17:26:05","slug":"government","status":"publish","type":"page","link":"https:\/\/drcinqatar.org\/fr\/government\/","title":{"rendered":"Government"},"content":{"rendered":"\t\t<div data-elementor-type=\"wp-page\" data-elementor-id=\"744\" class=\"elementor elementor-744 elementor-19\" data-elementor-post-type=\"page\">\n\t\t\t\t\t\t<section class=\"elementor-section elementor-top-section elementor-element elementor-element-7619f693 elementor-section-boxed elementor-section-height-default elementor-section-height-default\" data-id=\"7619f693\" data-element_type=\"section\" data-e-type=\"section\" data-settings=\"{&quot;background_background&quot;:&quot;classic&quot;}\">\n\t\t\t\t\t\t<div class=\"elementor-container elementor-column-gap-default\">\n\t\t\t\t\t<div class=\"elementor-column elementor-col-100 elementor-top-column elementor-element elementor-element-1becaffc\" data-id=\"1becaffc\" data-element_type=\"column\" data-e-type=\"column\">\n\t\t\t<div class=\"elementor-widget-wrap elementor-element-populated\">\n\t\t\t\t\t\t<div class=\"elementor-element elementor-element-653e5120 elementor-widget elementor-widget-heading\" data-id=\"653e5120\" data-element_type=\"widget\" data-e-type=\"widget\" data-widget_type=\"heading.default\">\n\t\t\t\t<div class=\"elementor-widget-container\">\n\t\t\t\t\t<h2 class=\"elementor-heading-title elementor-size-default\">Gouvernement<\/h2>\t\t\t\t<\/div>\n\t\t\t\t<\/div>\n\t\t\t\t\t<\/div>\n\t\t<\/div>\n\t\t\t\t\t<\/div>\n\t\t<\/section>\n\t\t\t\t<section class=\"elementor-section elementor-top-section elementor-element elementor-element-119d26e7 elementor-section-boxed elementor-section-height-default elementor-section-height-default\" data-id=\"119d26e7\" data-element_type=\"section\" data-e-type=\"section\">\n\t\t\t\t\t\t<div class=\"elementor-container elementor-column-gap-default\">\n\t\t\t\t\t<div class=\"elementor-column elementor-col-100 elementor-top-column elementor-element elementor-element-7ddcb4c9\" data-id=\"7ddcb4c9\" data-element_type=\"column\" data-e-type=\"column\">\n\t\t\t<div class=\"elementor-widget-wrap elementor-element-populated\">\n\t\t\t\t\t\t<section class=\"elementor-section elementor-inner-section elementor-element elementor-element-356cf99f elementor-section-boxed elementor-section-height-default elementor-section-height-default\" data-id=\"356cf99f\" data-element_type=\"section\" data-e-type=\"section\">\n\t\t\t\t\t\t<div class=\"elementor-container elementor-column-gap-default\">\n\t\t\t\t\t<div class=\"elementor-column elementor-col-50 elementor-inner-column elementor-element elementor-element-1db07f24\" data-id=\"1db07f24\" data-element_type=\"column\" data-e-type=\"column\">\n\t\t\t<div class=\"elementor-widget-wrap elementor-element-populated\">\n\t\t\t\t\t\t<div class=\"elementor-element elementor-element-115a3194 elementor-nav-menu--dropdown-none elementor-hidden-mobile elementor-widget elementor-widget-nav-menu\" data-id=\"115a3194\" data-element_type=\"widget\" data-e-type=\"widget\" data-settings=\"{&quot;layout&quot;:&quot;vertical&quot;,&quot;submenu_icon&quot;:{&quot;value&quot;:&quot;&lt;i class=\\&quot;fas fa-caret-down\\&quot; aria-hidden=\\&quot;true\\&quot;&gt;&lt;\\\/i&gt;&quot;,&quot;library&quot;:&quot;fa-solid&quot;}}\" data-widget_type=\"nav-menu.default\">\n\t\t\t\t<div class=\"elementor-widget-container\">\n\t\t\t\t\t\t\t\t<nav aria-label=\"Menu\" class=\"elementor-nav-menu--main elementor-nav-menu__container elementor-nav-menu--layout-vertical e--pointer-none\">\n\t\t\t\t<ul id=\"menu-1-115a3194\" class=\"elementor-nav-menu sm-vertical\"><li class=\"menu-item menu-item-type-post_type menu-item-object-page menu-item-785\"><a href=\"https:\/\/drcinqatar.org\/fr\/about\/\" class=\"elementor-item\">\u00c0 propos<\/a><\/li>\n<li class=\"menu-item menu-item-type-post_type menu-item-object-page menu-item-786\"><a href=\"https:\/\/drcinqatar.org\/fr\/general-facts\/\" class=\"elementor-item\">Faits g\u00e9n\u00e9raux<\/a><\/li>\n<li class=\"menu-item menu-item-type-post_type menu-item-object-page menu-item-787\"><a href=\"https:\/\/drcinqatar.org\/fr\/our-history\/\" class=\"elementor-item\">Histoire<\/a><\/li>\n<li class=\"menu-item menu-item-type-post_type menu-item-object-page menu-item-788\"><a href=\"https:\/\/drcinqatar.org\/fr\/geography\/\" class=\"elementor-item\">G\u00e9ographie<\/a><\/li>\n<li class=\"menu-item menu-item-type-post_type menu-item-object-page menu-item-789\"><a href=\"https:\/\/drcinqatar.org\/fr\/government\/\" class=\"elementor-item\">Gouvernement<\/a><\/li>\n<li class=\"menu-item menu-item-type-post_type menu-item-object-page menu-item-790\"><a href=\"https:\/\/drcinqatar.org\/fr\/culture\/\" class=\"elementor-item\">Culture<\/a><\/li>\n<li class=\"menu-item menu-item-type-post_type menu-item-object-page menu-item-791\"><a href=\"https:\/\/drcinqatar.org\/fr\/economy-invest\/\" class=\"elementor-item\">\u00c9conomie<\/a><\/li>\n<li class=\"menu-item menu-item-type-post_type menu-item-object-page menu-item-2403\"><a href=\"https:\/\/drcinqatar.org\/fr\/mot-de-lambassadeur\/\" class=\"elementor-item\">Mot de l\u2019Ambassadeur<\/a><\/li>\n<\/ul>\t\t\t<\/nav>\n\t\t\t\t\t\t<nav class=\"elementor-nav-menu--dropdown elementor-nav-menu__container\" aria-hidden=\"true\">\n\t\t\t\t<ul id=\"menu-2-115a3194\" class=\"elementor-nav-menu sm-vertical\"><li class=\"menu-item menu-item-type-post_type menu-item-object-page menu-item-785\"><a href=\"https:\/\/drcinqatar.org\/fr\/about\/\" class=\"elementor-item\" tabindex=\"-1\">\u00c0 propos<\/a><\/li>\n<li class=\"menu-item menu-item-type-post_type menu-item-object-page menu-item-786\"><a href=\"https:\/\/drcinqatar.org\/fr\/general-facts\/\" class=\"elementor-item\" tabindex=\"-1\">Faits g\u00e9n\u00e9raux<\/a><\/li>\n<li class=\"menu-item menu-item-type-post_type menu-item-object-page menu-item-787\"><a href=\"https:\/\/drcinqatar.org\/fr\/our-history\/\" class=\"elementor-item\" tabindex=\"-1\">Histoire<\/a><\/li>\n<li class=\"menu-item menu-item-type-post_type menu-item-object-page menu-item-788\"><a href=\"https:\/\/drcinqatar.org\/fr\/geography\/\" class=\"elementor-item\" tabindex=\"-1\">G\u00e9ographie<\/a><\/li>\n<li class=\"menu-item menu-item-type-post_type menu-item-object-page menu-item-789\"><a href=\"https:\/\/drcinqatar.org\/fr\/government\/\" class=\"elementor-item\" tabindex=\"-1\">Gouvernement<\/a><\/li>\n<li class=\"menu-item menu-item-type-post_type menu-item-object-page menu-item-790\"><a href=\"https:\/\/drcinqatar.org\/fr\/culture\/\" class=\"elementor-item\" tabindex=\"-1\">Culture<\/a><\/li>\n<li class=\"menu-item menu-item-type-post_type menu-item-object-page menu-item-791\"><a href=\"https:\/\/drcinqatar.org\/fr\/economy-invest\/\" class=\"elementor-item\" tabindex=\"-1\">\u00c9conomie<\/a><\/li>\n<li class=\"menu-item menu-item-type-post_type menu-item-object-page menu-item-2403\"><a href=\"https:\/\/drcinqatar.org\/fr\/mot-de-lambassadeur\/\" class=\"elementor-item\" tabindex=\"-1\">Mot de l\u2019Ambassadeur<\/a><\/li>\n<\/ul>\t\t\t<\/nav>\n\t\t\t\t\t\t<\/div>\n\t\t\t\t<\/div>\n\t\t\t\t<div class=\"elementor-element elementor-element-859d8db elementor-nav-menu--dropdown-none elementor-hidden-desktop elementor-hidden-tablet elementor-widget elementor-widget-nav-menu\" data-id=\"859d8db\" data-element_type=\"widget\" data-e-type=\"widget\" data-settings=\"{&quot;layout&quot;:&quot;horizontal&quot;,&quot;submenu_icon&quot;:{&quot;value&quot;:&quot;&lt;i class=\\&quot;fas fa-caret-down\\&quot; aria-hidden=\\&quot;true\\&quot;&gt;&lt;\\\/i&gt;&quot;,&quot;library&quot;:&quot;fa-solid&quot;}}\" data-widget_type=\"nav-menu.default\">\n\t\t\t\t<div class=\"elementor-widget-container\">\n\t\t\t\t\t\t\t\t<nav aria-label=\"Menu\" class=\"elementor-nav-menu--main elementor-nav-menu__container elementor-nav-menu--layout-horizontal e--pointer-none\">\n\t\t\t\t<ul id=\"menu-1-859d8db\" class=\"elementor-nav-menu\"><li class=\"menu-item menu-item-type-post_type menu-item-object-page menu-item-785\"><a href=\"https:\/\/drcinqatar.org\/fr\/about\/\" class=\"elementor-item\">\u00c0 propos<\/a><\/li>\n<li class=\"menu-item menu-item-type-post_type menu-item-object-page menu-item-786\"><a href=\"https:\/\/drcinqatar.org\/fr\/general-facts\/\" class=\"elementor-item\">Faits g\u00e9n\u00e9raux<\/a><\/li>\n<li class=\"menu-item menu-item-type-post_type menu-item-object-page menu-item-787\"><a href=\"https:\/\/drcinqatar.org\/fr\/our-history\/\" class=\"elementor-item\">Histoire<\/a><\/li>\n<li class=\"menu-item menu-item-type-post_type menu-item-object-page menu-item-788\"><a href=\"https:\/\/drcinqatar.org\/fr\/geography\/\" class=\"elementor-item\">G\u00e9ographie<\/a><\/li>\n<li class=\"menu-item menu-item-type-post_type menu-item-object-page menu-item-789\"><a href=\"https:\/\/drcinqatar.org\/fr\/government\/\" class=\"elementor-item\">Gouvernement<\/a><\/li>\n<li class=\"menu-item menu-item-type-post_type menu-item-object-page menu-item-790\"><a href=\"https:\/\/drcinqatar.org\/fr\/culture\/\" class=\"elementor-item\">Culture<\/a><\/li>\n<li class=\"menu-item menu-item-type-post_type menu-item-object-page menu-item-791\"><a href=\"https:\/\/drcinqatar.org\/fr\/economy-invest\/\" class=\"elementor-item\">\u00c9conomie<\/a><\/li>\n<li class=\"menu-item menu-item-type-post_type menu-item-object-page menu-item-2403\"><a href=\"https:\/\/drcinqatar.org\/fr\/mot-de-lambassadeur\/\" class=\"elementor-item\">Mot de l\u2019Ambassadeur<\/a><\/li>\n<\/ul>\t\t\t<\/nav>\n\t\t\t\t\t\t<nav class=\"elementor-nav-menu--dropdown elementor-nav-menu__container\" aria-hidden=\"true\">\n\t\t\t\t<ul id=\"menu-2-859d8db\" class=\"elementor-nav-menu\"><li class=\"menu-item menu-item-type-post_type menu-item-object-page menu-item-785\"><a href=\"https:\/\/drcinqatar.org\/fr\/about\/\" class=\"elementor-item\" tabindex=\"-1\">\u00c0 propos<\/a><\/li>\n<li class=\"menu-item menu-item-type-post_type menu-item-object-page menu-item-786\"><a href=\"https:\/\/drcinqatar.org\/fr\/general-facts\/\" class=\"elementor-item\" tabindex=\"-1\">Faits g\u00e9n\u00e9raux<\/a><\/li>\n<li class=\"menu-item menu-item-type-post_type menu-item-object-page menu-item-787\"><a href=\"https:\/\/drcinqatar.org\/fr\/our-history\/\" class=\"elementor-item\" tabindex=\"-1\">Histoire<\/a><\/li>\n<li class=\"menu-item menu-item-type-post_type menu-item-object-page menu-item-788\"><a href=\"https:\/\/drcinqatar.org\/fr\/geography\/\" class=\"elementor-item\" tabindex=\"-1\">G\u00e9ographie<\/a><\/li>\n<li class=\"menu-item menu-item-type-post_type menu-item-object-page menu-item-789\"><a href=\"https:\/\/drcinqatar.org\/fr\/government\/\" class=\"elementor-item\" tabindex=\"-1\">Gouvernement<\/a><\/li>\n<li class=\"menu-item menu-item-type-post_type menu-item-object-page menu-item-790\"><a href=\"https:\/\/drcinqatar.org\/fr\/culture\/\" class=\"elementor-item\" tabindex=\"-1\">Culture<\/a><\/li>\n<li class=\"menu-item menu-item-type-post_type menu-item-object-page menu-item-791\"><a href=\"https:\/\/drcinqatar.org\/fr\/economy-invest\/\" class=\"elementor-item\" tabindex=\"-1\">\u00c9conomie<\/a><\/li>\n<li class=\"menu-item menu-item-type-post_type menu-item-object-page menu-item-2403\"><a href=\"https:\/\/drcinqatar.org\/fr\/mot-de-lambassadeur\/\" class=\"elementor-item\" tabindex=\"-1\">Mot de l\u2019Ambassadeur<\/a><\/li>\n<\/ul>\t\t\t<\/nav>\n\t\t\t\t\t\t<\/div>\n\t\t\t\t<\/div>\n\t\t\t\t\t<\/div>\n\t\t<\/div>\n\t\t\t\t<div class=\"elementor-column elementor-col-50 elementor-inner-column elementor-element elementor-element-7e1c5b66\" data-id=\"7e1c5b66\" data-element_type=\"column\" data-e-type=\"column\">\n\t\t\t<div class=\"elementor-widget-wrap elementor-element-populated\">\n\t\t\t\t\t\t<div class=\"elementor-element elementor-element-76f1ef1b elementor-widget elementor-widget-heading\" data-id=\"76f1ef1b\" data-element_type=\"widget\" data-e-type=\"widget\" data-widget_type=\"heading.default\">\n\t\t\t\t<div class=\"elementor-widget-container\">\n\t\t\t\t\t<h2 class=\"elementor-heading-title elementor-size-default\">GOUVERNEMENT\n<\/h2>\t\t\t\t<\/div>\n\t\t\t\t<\/div>\n\t\t\t\t<div class=\"elementor-element elementor-element-241f86f5 elementor-widget elementor-widget-image\" data-id=\"241f86f5\" data-element_type=\"widget\" data-e-type=\"widget\" data-widget_type=\"image.default\">\n\t\t\t\t<div class=\"elementor-widget-container\">\n\t\t\t\t\t\t\t\t\t\t\t\t\t\t\t<img fetchpriority=\"high\" decoding=\"async\" width=\"490\" height=\"240\" src=\"https:\/\/drcinqatar.org\/wp-content\/uploads\/2023\/04\/GOVERNMENT-min.jpg\" class=\"attachment-full size-full wp-image-179\" alt=\"\" srcset=\"https:\/\/drcinqatar.org\/wp-content\/uploads\/2023\/04\/GOVERNMENT-min.jpg 490w, https:\/\/drcinqatar.org\/wp-content\/uploads\/2023\/04\/GOVERNMENT-min-300x147.jpg 300w\" sizes=\"(max-width: 490px) 100vw, 490px\" \/>\t\t\t\t\t\t\t\t\t\t\t\t\t\t\t<\/div>\n\t\t\t\t<\/div>\n\t\t\t\t<div class=\"elementor-element elementor-element-31989ca2 elementor-widget elementor-widget-text-editor\" data-id=\"31989ca2\" data-element_type=\"widget\" data-e-type=\"widget\" data-widget_type=\"text-editor.default\">\n\t\t\t\t<div class=\"elementor-widget-container\">\n\t\t\t\t\t\t\t\t\t<p>Le Gouvernement de la R\u00e9publique est compos\u00e9 du Premier ministre, des ministres, des vice-ministres et, le cas \u00e9ch\u00e9ant, des vice-premiers ministres, des ministres d\u2019\u00c9tat et des sous-ministres.<\/p><p>En concertation avec le Pr\u00e9sident, le Gouvernement d\u00e9finit la politique de la nation et en assume la responsabilit\u00e9. Pour conduire la politique de la nation, le Gouvernement dispose de l\u2019Administration publique, des Forces arm\u00e9es, de la Police nationale et des Services de s\u00e9curit\u00e9.\u00a0 Pour plus de d\u00e9tails sur le Gouvernement, veuillez lire la Constitution de la RDC (articles 90 \u00e0 100).<\/p><p>Le Premier Ministre est le Chef du Gouvernement. Le Gouvernement actuel dirig\u00e9 par Jean-Michel SAMA LUKONDE KYENGE, est compos\u00e9 de 4 Vice-Premiers Ministres, 9 Ministres d\u2019\u00c9tat, 31 Ministres, 1 Ministre d\u00e9l\u00e9gu\u00e9 et 11 Vice-Ministres.<\/p><p>La R\u00e9publique d\u00e9mocratique du Congo est extr\u00eamement riche en min\u00e9raux pr\u00e9cieux. On estime \u00e0 24 000 milliards de dollars US les gisements inexploit\u00e9s de min\u00e9raux bruts dans le pays, dont les plus grandes r\u00e9serves mondiales de cobalt (51 % des r\u00e9serves connues) et des quantit\u00e9s importantes de diamants, d\u2019or et de cuivre. En 2009, la part du pays dans la production mondiale de minerai de cobalt \u00e9tait de 40 %. La part mondiale associ\u00e9e aux autres min\u00e9raux en 2009 \u00e9tait la suivante : diamants industriels, 31 % ; tantale, 9 % ; diamants de qualit\u00e9 gemme, 6 % ; \u00e9tain, 4 % ; et cuivre, 2 %.<\/p><p>Des informations plus d\u00e9taill\u00e9es sont fournies par secteur industriel.<\/p><p>Le mercredi 12 juin 2024, un jalon historique a \u00e9t\u00e9 franchi avec l\u2019investiture et l\u2019entr\u00e9e en fonction de Madame Judith SUMINWA au poste de Premi\u00e8re Ministre, la premi\u00e8re femme \u00e0 occuper cette fonction dans l\u2019histoire de la R\u00e9publique d\u00e9mocratique du Congo.<\/p>\t\t\t\t\t\t\t\t<\/div>\n\t\t\t\t<\/div>\n\t\t\t\t\t<\/div>\n\t\t<\/div>\n\t\t\t\t\t<\/div>\n\t\t<\/section>\n\t\t\t\t\t<\/div>\n\t\t<\/div>\n\t\t\t\t\t<\/div>\n\t\t<\/section>\n\t\t\t\t<\/div>\n\t\t","protected":false},"excerpt":{"rendered":"<p>Gouvernement GOUVERNEMENT Le Gouvernement de la R\u00e9publique est compos\u00e9 du Premier ministre, des ministres, des vice-ministres et, le cas \u00e9ch\u00e9ant, des vice-premiers ministres, des ministres d\u2019\u00c9tat et des sous-ministres. En concertation avec le Pr\u00e9sident, le Gouvernement d\u00e9finit la politique de la nation et en assume la responsabilit\u00e9. Pour conduire la politique de la nation, le [&hellip;]<\/p>\n","protected":false},"author":1,"featured_media":0,"parent":0,"menu_order":0,"comment_status":"closed","ping_status":"closed","template":"elementor_header_footer","meta":{"_view_id":"","footnotes":""},"class_list":["post-744","page","type-page","status-publish","hentry"],"_links":{"self":[{"href":"https:\/\/drcinqatar.org\/fr\/wp-json\/wp\/v2\/pages\/744","targetHints":{"allow":["GET"]}}],"collection":[{"href":"https:\/\/drcinqatar.org\/fr\/wp-json\/wp\/v2\/pages"}],"about":[{"href":"https:\/\/drcinqatar.org\/fr\/wp-json\/wp\/v2\/types\/page"}],"author":[{"embeddable":true,"href":"https:\/\/drcinqatar.org\/fr\/wp-json\/wp\/v2\/users\/1"}],"replies":[{"embeddable":true,"href":"https:\/\/drcinqatar.org\/fr\/wp-json\/wp\/v2\/comments?post=744"}],"version-history":[{"count":9,"href":"https:\/\/drcinqatar.org\/fr\/wp-json\/wp\/v2\/pages\/744\/revisions"}],"predecessor-version":[{"id":4604,"href":"https:\/\/drcinqatar.org\/fr\/wp-json\/wp\/v2\/pages\/744\/revisions\/4604"}],"wp:attachment":[{"href":"https:\/\/drcinqatar.org\/fr\/wp-json\/wp\/v2\/media?parent=744"}],"curies":[{"name":"wp","href":"https:\/\/api.w.org\/{rel}","templated":true}]}}