{"id":748,"date":"2023-04-05T07:57:32","date_gmt":"2023-04-05T07:57:32","guid":{"rendered":"https:\/\/drcinqatar.org\/culture\/"},"modified":"2025-12-29T17:26:27","modified_gmt":"2025-12-29T17:26:27","slug":"culture","status":"publish","type":"page","link":"https:\/\/drcinqatar.org\/fr\/culture\/","title":{"rendered":"Culture"},"content":{"rendered":"\t\t<div data-elementor-type=\"wp-page\" data-elementor-id=\"748\" class=\"elementor elementor-748 elementor-21\" data-elementor-post-type=\"page\">\n\t\t\t\t\t\t<section class=\"elementor-section elementor-top-section elementor-element elementor-element-5abdee4a elementor-section-boxed elementor-section-height-default elementor-section-height-default\" data-id=\"5abdee4a\" data-element_type=\"section\" data-e-type=\"section\" data-settings=\"{&quot;background_background&quot;:&quot;classic&quot;}\">\n\t\t\t\t\t\t<div class=\"elementor-container elementor-column-gap-default\">\n\t\t\t\t\t<div class=\"elementor-column elementor-col-100 elementor-top-column elementor-element elementor-element-16499005\" data-id=\"16499005\" data-element_type=\"column\" data-e-type=\"column\">\n\t\t\t<div class=\"elementor-widget-wrap elementor-element-populated\">\n\t\t\t\t\t\t\t<\/div>\n\t\t<\/div>\n\t\t\t\t\t<\/div>\n\t\t<\/section>\n\t\t\t\t<section class=\"elementor-section elementor-top-section elementor-element elementor-element-34651ede elementor-section-boxed elementor-section-height-default elementor-section-height-default\" data-id=\"34651ede\" data-element_type=\"section\" data-e-type=\"section\">\n\t\t\t\t\t\t<div class=\"elementor-container elementor-column-gap-default\">\n\t\t\t\t\t<div class=\"elementor-column elementor-col-100 elementor-top-column elementor-element elementor-element-6ea426ad\" data-id=\"6ea426ad\" data-element_type=\"column\" data-e-type=\"column\">\n\t\t\t<div class=\"elementor-widget-wrap elementor-element-populated\">\n\t\t\t\t\t\t<section class=\"elementor-section elementor-inner-section elementor-element elementor-element-6054caf8 elementor-section-boxed elementor-section-height-default elementor-section-height-default\" data-id=\"6054caf8\" data-element_type=\"section\" data-e-type=\"section\">\n\t\t\t\t\t\t<div class=\"elementor-container elementor-column-gap-default\">\n\t\t\t\t\t<div class=\"elementor-column elementor-col-50 elementor-inner-column elementor-element elementor-element-5ad293da\" data-id=\"5ad293da\" data-element_type=\"column\" data-e-type=\"column\">\n\t\t\t<div class=\"elementor-widget-wrap elementor-element-populated\">\n\t\t\t\t\t\t<div class=\"elementor-element elementor-element-6290314a elementor-nav-menu--dropdown-none elementor-hidden-mobile elementor-widget elementor-widget-nav-menu\" data-id=\"6290314a\" data-element_type=\"widget\" data-e-type=\"widget\" data-settings=\"{&quot;layout&quot;:&quot;vertical&quot;,&quot;submenu_icon&quot;:{&quot;value&quot;:&quot;&lt;i class=\\&quot;fas fa-caret-down\\&quot; aria-hidden=\\&quot;true\\&quot;&gt;&lt;\\\/i&gt;&quot;,&quot;library&quot;:&quot;fa-solid&quot;}}\" data-widget_type=\"nav-menu.default\">\n\t\t\t\t<div class=\"elementor-widget-container\">\n\t\t\t\t\t\t\t\t<nav aria-label=\"Menu\" class=\"elementor-nav-menu--main elementor-nav-menu__container elementor-nav-menu--layout-vertical e--pointer-none\">\n\t\t\t\t<ul id=\"menu-1-6290314a\" class=\"elementor-nav-menu sm-vertical\"><li class=\"menu-item menu-item-type-post_type menu-item-object-page menu-item-785\"><a href=\"https:\/\/drcinqatar.org\/fr\/about\/\" class=\"elementor-item\">\u00c0 propos<\/a><\/li>\n<li class=\"menu-item menu-item-type-post_type menu-item-object-page menu-item-786\"><a href=\"https:\/\/drcinqatar.org\/fr\/general-facts\/\" class=\"elementor-item\">Faits g\u00e9n\u00e9raux<\/a><\/li>\n<li class=\"menu-item menu-item-type-post_type menu-item-object-page menu-item-787\"><a href=\"https:\/\/drcinqatar.org\/fr\/our-history\/\" class=\"elementor-item\">Histoire<\/a><\/li>\n<li class=\"menu-item menu-item-type-post_type menu-item-object-page menu-item-788\"><a href=\"https:\/\/drcinqatar.org\/fr\/geography\/\" class=\"elementor-item\">G\u00e9ographie<\/a><\/li>\n<li class=\"menu-item menu-item-type-post_type menu-item-object-page menu-item-789\"><a href=\"https:\/\/drcinqatar.org\/fr\/government\/\" class=\"elementor-item\">Gouvernement<\/a><\/li>\n<li class=\"menu-item menu-item-type-post_type menu-item-object-page menu-item-790\"><a href=\"https:\/\/drcinqatar.org\/fr\/culture\/\" class=\"elementor-item\">Culture<\/a><\/li>\n<li class=\"menu-item menu-item-type-post_type menu-item-object-page menu-item-791\"><a href=\"https:\/\/drcinqatar.org\/fr\/economy-invest\/\" class=\"elementor-item\">\u00c9conomie<\/a><\/li>\n<li class=\"menu-item menu-item-type-post_type menu-item-object-page menu-item-2403\"><a href=\"https:\/\/drcinqatar.org\/fr\/mot-de-lambassadeur\/\" class=\"elementor-item\">Mot de l\u2019Ambassadeur<\/a><\/li>\n<\/ul>\t\t\t<\/nav>\n\t\t\t\t\t\t<nav class=\"elementor-nav-menu--dropdown elementor-nav-menu__container\" aria-hidden=\"true\">\n\t\t\t\t<ul id=\"menu-2-6290314a\" class=\"elementor-nav-menu sm-vertical\"><li class=\"menu-item menu-item-type-post_type menu-item-object-page menu-item-785\"><a href=\"https:\/\/drcinqatar.org\/fr\/about\/\" class=\"elementor-item\" tabindex=\"-1\">\u00c0 propos<\/a><\/li>\n<li class=\"menu-item menu-item-type-post_type menu-item-object-page menu-item-786\"><a href=\"https:\/\/drcinqatar.org\/fr\/general-facts\/\" class=\"elementor-item\" tabindex=\"-1\">Faits g\u00e9n\u00e9raux<\/a><\/li>\n<li class=\"menu-item menu-item-type-post_type menu-item-object-page menu-item-787\"><a href=\"https:\/\/drcinqatar.org\/fr\/our-history\/\" class=\"elementor-item\" tabindex=\"-1\">Histoire<\/a><\/li>\n<li class=\"menu-item menu-item-type-post_type menu-item-object-page menu-item-788\"><a href=\"https:\/\/drcinqatar.org\/fr\/geography\/\" class=\"elementor-item\" tabindex=\"-1\">G\u00e9ographie<\/a><\/li>\n<li class=\"menu-item menu-item-type-post_type menu-item-object-page menu-item-789\"><a href=\"https:\/\/drcinqatar.org\/fr\/government\/\" class=\"elementor-item\" tabindex=\"-1\">Gouvernement<\/a><\/li>\n<li class=\"menu-item menu-item-type-post_type menu-item-object-page menu-item-790\"><a href=\"https:\/\/drcinqatar.org\/fr\/culture\/\" class=\"elementor-item\" tabindex=\"-1\">Culture<\/a><\/li>\n<li class=\"menu-item menu-item-type-post_type menu-item-object-page menu-item-791\"><a href=\"https:\/\/drcinqatar.org\/fr\/economy-invest\/\" class=\"elementor-item\" tabindex=\"-1\">\u00c9conomie<\/a><\/li>\n<li class=\"menu-item menu-item-type-post_type menu-item-object-page menu-item-2403\"><a href=\"https:\/\/drcinqatar.org\/fr\/mot-de-lambassadeur\/\" class=\"elementor-item\" tabindex=\"-1\">Mot de l\u2019Ambassadeur<\/a><\/li>\n<\/ul>\t\t\t<\/nav>\n\t\t\t\t\t\t<\/div>\n\t\t\t\t<\/div>\n\t\t\t\t<div class=\"elementor-element elementor-element-688bb81 elementor-nav-menu--dropdown-none elementor-hidden-desktop elementor-hidden-tablet elementor-widget elementor-widget-nav-menu\" data-id=\"688bb81\" data-element_type=\"widget\" data-e-type=\"widget\" data-settings=\"{&quot;layout&quot;:&quot;horizontal&quot;,&quot;submenu_icon&quot;:{&quot;value&quot;:&quot;&lt;i class=\\&quot;fas fa-caret-down\\&quot; aria-hidden=\\&quot;true\\&quot;&gt;&lt;\\\/i&gt;&quot;,&quot;library&quot;:&quot;fa-solid&quot;}}\" data-widget_type=\"nav-menu.default\">\n\t\t\t\t<div class=\"elementor-widget-container\">\n\t\t\t\t\t\t\t\t<nav aria-label=\"Menu\" class=\"elementor-nav-menu--main elementor-nav-menu__container elementor-nav-menu--layout-horizontal e--pointer-none\">\n\t\t\t\t<ul id=\"menu-1-688bb81\" class=\"elementor-nav-menu\"><li class=\"menu-item menu-item-type-post_type menu-item-object-page menu-item-785\"><a href=\"https:\/\/drcinqatar.org\/fr\/about\/\" class=\"elementor-item\">\u00c0 propos<\/a><\/li>\n<li class=\"menu-item menu-item-type-post_type menu-item-object-page menu-item-786\"><a href=\"https:\/\/drcinqatar.org\/fr\/general-facts\/\" class=\"elementor-item\">Faits g\u00e9n\u00e9raux<\/a><\/li>\n<li class=\"menu-item menu-item-type-post_type menu-item-object-page menu-item-787\"><a href=\"https:\/\/drcinqatar.org\/fr\/our-history\/\" class=\"elementor-item\">Histoire<\/a><\/li>\n<li class=\"menu-item menu-item-type-post_type menu-item-object-page menu-item-788\"><a href=\"https:\/\/drcinqatar.org\/fr\/geography\/\" class=\"elementor-item\">G\u00e9ographie<\/a><\/li>\n<li class=\"menu-item menu-item-type-post_type menu-item-object-page menu-item-789\"><a href=\"https:\/\/drcinqatar.org\/fr\/government\/\" class=\"elementor-item\">Gouvernement<\/a><\/li>\n<li class=\"menu-item menu-item-type-post_type menu-item-object-page menu-item-790\"><a href=\"https:\/\/drcinqatar.org\/fr\/culture\/\" class=\"elementor-item\">Culture<\/a><\/li>\n<li class=\"menu-item menu-item-type-post_type menu-item-object-page menu-item-791\"><a href=\"https:\/\/drcinqatar.org\/fr\/economy-invest\/\" class=\"elementor-item\">\u00c9conomie<\/a><\/li>\n<li class=\"menu-item menu-item-type-post_type menu-item-object-page menu-item-2403\"><a href=\"https:\/\/drcinqatar.org\/fr\/mot-de-lambassadeur\/\" class=\"elementor-item\">Mot de l\u2019Ambassadeur<\/a><\/li>\n<\/ul>\t\t\t<\/nav>\n\t\t\t\t\t\t<nav class=\"elementor-nav-menu--dropdown elementor-nav-menu__container\" aria-hidden=\"true\">\n\t\t\t\t<ul id=\"menu-2-688bb81\" class=\"elementor-nav-menu\"><li class=\"menu-item menu-item-type-post_type menu-item-object-page menu-item-785\"><a href=\"https:\/\/drcinqatar.org\/fr\/about\/\" class=\"elementor-item\" tabindex=\"-1\">\u00c0 propos<\/a><\/li>\n<li class=\"menu-item menu-item-type-post_type menu-item-object-page menu-item-786\"><a href=\"https:\/\/drcinqatar.org\/fr\/general-facts\/\" class=\"elementor-item\" tabindex=\"-1\">Faits g\u00e9n\u00e9raux<\/a><\/li>\n<li class=\"menu-item menu-item-type-post_type menu-item-object-page menu-item-787\"><a href=\"https:\/\/drcinqatar.org\/fr\/our-history\/\" class=\"elementor-item\" tabindex=\"-1\">Histoire<\/a><\/li>\n<li class=\"menu-item menu-item-type-post_type menu-item-object-page menu-item-788\"><a href=\"https:\/\/drcinqatar.org\/fr\/geography\/\" class=\"elementor-item\" tabindex=\"-1\">G\u00e9ographie<\/a><\/li>\n<li class=\"menu-item menu-item-type-post_type menu-item-object-page menu-item-789\"><a href=\"https:\/\/drcinqatar.org\/fr\/government\/\" class=\"elementor-item\" tabindex=\"-1\">Gouvernement<\/a><\/li>\n<li class=\"menu-item menu-item-type-post_type menu-item-object-page menu-item-790\"><a href=\"https:\/\/drcinqatar.org\/fr\/culture\/\" class=\"elementor-item\" tabindex=\"-1\">Culture<\/a><\/li>\n<li class=\"menu-item menu-item-type-post_type menu-item-object-page menu-item-791\"><a href=\"https:\/\/drcinqatar.org\/fr\/economy-invest\/\" class=\"elementor-item\" tabindex=\"-1\">\u00c9conomie<\/a><\/li>\n<li class=\"menu-item menu-item-type-post_type menu-item-object-page menu-item-2403\"><a href=\"https:\/\/drcinqatar.org\/fr\/mot-de-lambassadeur\/\" class=\"elementor-item\" tabindex=\"-1\">Mot de l\u2019Ambassadeur<\/a><\/li>\n<\/ul>\t\t\t<\/nav>\n\t\t\t\t\t\t<\/div>\n\t\t\t\t<\/div>\n\t\t\t\t\t<\/div>\n\t\t<\/div>\n\t\t\t\t<div class=\"elementor-column elementor-col-50 elementor-inner-column elementor-element elementor-element-28a173ac\" data-id=\"28a173ac\" data-element_type=\"column\" data-e-type=\"column\">\n\t\t\t<div class=\"elementor-widget-wrap elementor-element-populated\">\n\t\t\t\t\t\t<div class=\"elementor-element elementor-element-6cdf8c41 elementor-widget elementor-widget-heading\" data-id=\"6cdf8c41\" data-element_type=\"widget\" data-e-type=\"widget\" data-widget_type=\"heading.default\">\n\t\t\t\t<div class=\"elementor-widget-container\">\n\t\t\t\t\t<h2 class=\"elementor-heading-title elementor-size-default\">Culture<\/h2>\t\t\t\t<\/div>\n\t\t\t\t<\/div>\n\t\t\t\t<div class=\"elementor-element elementor-element-597e61b0 elementor-widget elementor-widget-image\" data-id=\"597e61b0\" data-element_type=\"widget\" data-e-type=\"widget\" data-widget_type=\"image.default\">\n\t\t\t\t<div class=\"elementor-widget-container\">\n\t\t\t\t\t\t\t\t\t\t\t\t\t\t\t<img fetchpriority=\"high\" decoding=\"async\" width=\"653\" height=\"469\" src=\"https:\/\/drcinqatar.org\/wp-content\/uploads\/2024\/05\/Culture-RDC.jpg\" class=\"attachment-full size-full wp-image-2749\" alt=\"\" srcset=\"https:\/\/drcinqatar.org\/wp-content\/uploads\/2024\/05\/Culture-RDC.jpg 653w, https:\/\/drcinqatar.org\/wp-content\/uploads\/2024\/05\/Culture-RDC-300x215.jpg.webp 300w\" sizes=\"(max-width: 653px) 100vw, 653px\" \/>\t\t\t\t\t\t\t\t\t\t\t\t\t\t\t<\/div>\n\t\t\t\t<\/div>\n\t\t\t\t<div class=\"elementor-element elementor-element-4c2387b8 elementor-widget elementor-widget-text-editor\" data-id=\"4c2387b8\" data-element_type=\"widget\" data-e-type=\"widget\" data-widget_type=\"text-editor.default\">\n\t\t\t\t<div class=\"elementor-widget-container\">\n\t\t\t\t\t\t\t\t\tLa culture congolaise est l\u2019essence de notre identit\u00e9 nationale. Le caract\u00e8re h\u00e9t\u00e9rog\u00e8ne de notre ethnie constitue une richesse transcendante qui a inspir\u00e9 les arts, notamment la musique. En effet, l\u2019empreinte de la culture congolaise se retrouve dans les danses et les chants populaires. Les centres urbains refl\u00e8tent ce m\u00e9lange culturel o\u00f9 les traditions se m\u00ealent \u00e0 la modernit\u00e9, cr\u00e9ant une symbiose unique qui donne \u00e0 la culture congolaise une identit\u00e9 particuli\u00e8re.\n\nPour en savoir plus sur la culture congolaise, visitez le site <strong><a class=\"link\" style=\"color: black;\" href=\"https:\/\/republique.cd\/culture\/\" target=\"_blank\">https:\/\/republique.cd\/culture\/<\/a><\/strong>\t\t\t\t\t\t\t\t<\/div>\n\t\t\t\t<\/div>\n\t\t\t\t\t<\/div>\n\t\t<\/div>\n\t\t\t\t\t<\/div>\n\t\t<\/section>\n\t\t\t\t\t<\/div>\n\t\t<\/div>\n\t\t\t\t\t<\/div>\n\t\t<\/section>\n\t\t\t\t<\/div>\n\t\t","protected":false},"excerpt":{"rendered":"<p>Culture La culture congolaise est l\u2019essence de notre identit\u00e9 nationale. Le caract\u00e8re h\u00e9t\u00e9rog\u00e8ne de notre ethnie constitue une richesse transcendante qui a inspir\u00e9 les arts, notamment la musique. En effet, l\u2019empreinte de la culture congolaise se retrouve dans les danses et les chants populaires. Les centres urbains refl\u00e8tent ce m\u00e9lange culturel o\u00f9 les traditions se [&hellip;]<\/p>\n","protected":false},"author":1,"featured_media":0,"parent":0,"menu_order":0,"comment_status":"closed","ping_status":"closed","template":"elementor_header_footer","meta":{"_view_id":"","footnotes":""},"class_list":["post-748","page","type-page","status-publish","hentry"],"_links":{"self":[{"href":"https:\/\/drcinqatar.org\/fr\/wp-json\/wp\/v2\/pages\/748","targetHints":{"allow":["GET"]}}],"collection":[{"href":"https:\/\/drcinqatar.org\/fr\/wp-json\/wp\/v2\/pages"}],"about":[{"href":"https:\/\/drcinqatar.org\/fr\/wp-json\/wp\/v2\/types\/page"}],"author":[{"embeddable":true,"href":"https:\/\/drcinqatar.org\/fr\/wp-json\/wp\/v2\/users\/1"}],"replies":[{"embeddable":true,"href":"https:\/\/drcinqatar.org\/fr\/wp-json\/wp\/v2\/comments?post=748"}],"version-history":[{"count":12,"href":"https:\/\/drcinqatar.org\/fr\/wp-json\/wp\/v2\/pages\/748\/revisions"}],"predecessor-version":[{"id":4607,"href":"https:\/\/drcinqatar.org\/fr\/wp-json\/wp\/v2\/pages\/748\/revisions\/4607"}],"wp:attachment":[{"href":"https:\/\/drcinqatar.org\/fr\/wp-json\/wp\/v2\/media?parent=748"}],"curies":[{"name":"wp","href":"https:\/\/api.w.org\/{rel}","templated":true}]}}