{"id":749,"date":"2023-04-05T07:57:52","date_gmt":"2023-04-05T07:57:52","guid":{"rendered":"https:\/\/drcinqatar.org\/economy-invest\/"},"modified":"2025-12-29T17:26:47","modified_gmt":"2025-12-29T17:26:47","slug":"economy-invest","status":"publish","type":"page","link":"https:\/\/drcinqatar.org\/fr\/economy-invest\/","title":{"rendered":"Economy Invest"},"content":{"rendered":"\t\t<div data-elementor-type=\"wp-page\" data-elementor-id=\"749\" class=\"elementor elementor-749 elementor-24\" data-elementor-post-type=\"page\">\n\t\t\t\t\t\t<section class=\"elementor-section elementor-top-section elementor-element elementor-element-10b6f091 elementor-section-boxed elementor-section-height-default elementor-section-height-default\" data-id=\"10b6f091\" data-element_type=\"section\" data-e-type=\"section\" data-settings=\"{&quot;background_background&quot;:&quot;classic&quot;}\">\n\t\t\t\t\t\t<div class=\"elementor-container elementor-column-gap-default\">\n\t\t\t\t\t<div class=\"elementor-column elementor-col-100 elementor-top-column elementor-element elementor-element-8ad2f03\" data-id=\"8ad2f03\" data-element_type=\"column\" data-e-type=\"column\">\n\t\t\t<div class=\"elementor-widget-wrap elementor-element-populated\">\n\t\t\t\t\t\t<div class=\"elementor-element elementor-element-f24b947 elementor-widget elementor-widget-heading\" data-id=\"f24b947\" data-element_type=\"widget\" data-e-type=\"widget\" data-widget_type=\"heading.default\">\n\t\t\t\t<div class=\"elementor-widget-container\">\n\t\t\t\t\t<h2 class=\"elementor-heading-title elementor-size-default\">\u00c9conomie<\/h2>\t\t\t\t<\/div>\n\t\t\t\t<\/div>\n\t\t\t\t\t<\/div>\n\t\t<\/div>\n\t\t\t\t\t<\/div>\n\t\t<\/section>\n\t\t\t\t<section class=\"elementor-section elementor-top-section elementor-element elementor-element-7131bf7e elementor-section-boxed elementor-section-height-default elementor-section-height-default\" data-id=\"7131bf7e\" data-element_type=\"section\" data-e-type=\"section\">\n\t\t\t\t\t\t<div class=\"elementor-container elementor-column-gap-default\">\n\t\t\t\t\t<div class=\"elementor-column elementor-col-100 elementor-top-column elementor-element elementor-element-449e2dbd\" data-id=\"449e2dbd\" data-element_type=\"column\" data-e-type=\"column\">\n\t\t\t<div class=\"elementor-widget-wrap elementor-element-populated\">\n\t\t\t\t\t\t<section class=\"elementor-section elementor-inner-section elementor-element elementor-element-1611846e elementor-section-boxed elementor-section-height-default elementor-section-height-default\" data-id=\"1611846e\" data-element_type=\"section\" data-e-type=\"section\">\n\t\t\t\t\t\t<div class=\"elementor-container elementor-column-gap-default\">\n\t\t\t\t\t<div class=\"elementor-column elementor-col-50 elementor-inner-column elementor-element elementor-element-5467a5aa\" data-id=\"5467a5aa\" data-element_type=\"column\" data-e-type=\"column\">\n\t\t\t<div class=\"elementor-widget-wrap elementor-element-populated\">\n\t\t\t\t\t\t<div class=\"elementor-element elementor-element-47ca42cb elementor-nav-menu--dropdown-none elementor-hidden-mobile elementor-widget elementor-widget-nav-menu\" data-id=\"47ca42cb\" data-element_type=\"widget\" data-e-type=\"widget\" data-settings=\"{&quot;layout&quot;:&quot;vertical&quot;,&quot;submenu_icon&quot;:{&quot;value&quot;:&quot;&lt;i class=\\&quot;fas fa-caret-down\\&quot; aria-hidden=\\&quot;true\\&quot;&gt;&lt;\\\/i&gt;&quot;,&quot;library&quot;:&quot;fa-solid&quot;}}\" data-widget_type=\"nav-menu.default\">\n\t\t\t\t<div class=\"elementor-widget-container\">\n\t\t\t\t\t\t\t\t<nav aria-label=\"Menu\" class=\"elementor-nav-menu--main elementor-nav-menu__container elementor-nav-menu--layout-vertical e--pointer-none\">\n\t\t\t\t<ul id=\"menu-1-47ca42cb\" class=\"elementor-nav-menu sm-vertical\"><li class=\"menu-item menu-item-type-post_type menu-item-object-page menu-item-785\"><a href=\"https:\/\/drcinqatar.org\/fr\/about\/\" class=\"elementor-item\">\u00c0 propos<\/a><\/li>\n<li class=\"menu-item menu-item-type-post_type menu-item-object-page menu-item-786\"><a href=\"https:\/\/drcinqatar.org\/fr\/general-facts\/\" class=\"elementor-item\">Faits g\u00e9n\u00e9raux<\/a><\/li>\n<li class=\"menu-item menu-item-type-post_type menu-item-object-page menu-item-787\"><a href=\"https:\/\/drcinqatar.org\/fr\/our-history\/\" class=\"elementor-item\">Histoire<\/a><\/li>\n<li class=\"menu-item menu-item-type-post_type menu-item-object-page menu-item-788\"><a href=\"https:\/\/drcinqatar.org\/fr\/geography\/\" class=\"elementor-item\">G\u00e9ographie<\/a><\/li>\n<li class=\"menu-item menu-item-type-post_type menu-item-object-page menu-item-789\"><a href=\"https:\/\/drcinqatar.org\/fr\/government\/\" class=\"elementor-item\">Gouvernement<\/a><\/li>\n<li class=\"menu-item menu-item-type-post_type menu-item-object-page menu-item-790\"><a href=\"https:\/\/drcinqatar.org\/fr\/culture\/\" class=\"elementor-item\">Culture<\/a><\/li>\n<li class=\"menu-item menu-item-type-post_type menu-item-object-page menu-item-791\"><a href=\"https:\/\/drcinqatar.org\/fr\/economy-invest\/\" class=\"elementor-item\">\u00c9conomie<\/a><\/li>\n<li class=\"menu-item menu-item-type-post_type menu-item-object-page menu-item-2403\"><a href=\"https:\/\/drcinqatar.org\/fr\/mot-de-lambassadeur\/\" class=\"elementor-item\">Mot de l\u2019Ambassadeur<\/a><\/li>\n<\/ul>\t\t\t<\/nav>\n\t\t\t\t\t\t<nav class=\"elementor-nav-menu--dropdown elementor-nav-menu__container\" aria-hidden=\"true\">\n\t\t\t\t<ul id=\"menu-2-47ca42cb\" class=\"elementor-nav-menu sm-vertical\"><li class=\"menu-item menu-item-type-post_type menu-item-object-page menu-item-785\"><a href=\"https:\/\/drcinqatar.org\/fr\/about\/\" class=\"elementor-item\" tabindex=\"-1\">\u00c0 propos<\/a><\/li>\n<li class=\"menu-item menu-item-type-post_type menu-item-object-page menu-item-786\"><a href=\"https:\/\/drcinqatar.org\/fr\/general-facts\/\" class=\"elementor-item\" tabindex=\"-1\">Faits g\u00e9n\u00e9raux<\/a><\/li>\n<li class=\"menu-item menu-item-type-post_type menu-item-object-page menu-item-787\"><a href=\"https:\/\/drcinqatar.org\/fr\/our-history\/\" class=\"elementor-item\" tabindex=\"-1\">Histoire<\/a><\/li>\n<li class=\"menu-item menu-item-type-post_type menu-item-object-page menu-item-788\"><a href=\"https:\/\/drcinqatar.org\/fr\/geography\/\" class=\"elementor-item\" tabindex=\"-1\">G\u00e9ographie<\/a><\/li>\n<li class=\"menu-item menu-item-type-post_type menu-item-object-page menu-item-789\"><a href=\"https:\/\/drcinqatar.org\/fr\/government\/\" class=\"elementor-item\" tabindex=\"-1\">Gouvernement<\/a><\/li>\n<li class=\"menu-item menu-item-type-post_type menu-item-object-page menu-item-790\"><a href=\"https:\/\/drcinqatar.org\/fr\/culture\/\" class=\"elementor-item\" tabindex=\"-1\">Culture<\/a><\/li>\n<li class=\"menu-item menu-item-type-post_type menu-item-object-page menu-item-791\"><a href=\"https:\/\/drcinqatar.org\/fr\/economy-invest\/\" class=\"elementor-item\" tabindex=\"-1\">\u00c9conomie<\/a><\/li>\n<li class=\"menu-item menu-item-type-post_type menu-item-object-page menu-item-2403\"><a href=\"https:\/\/drcinqatar.org\/fr\/mot-de-lambassadeur\/\" class=\"elementor-item\" tabindex=\"-1\">Mot de l\u2019Ambassadeur<\/a><\/li>\n<\/ul>\t\t\t<\/nav>\n\t\t\t\t\t\t<\/div>\n\t\t\t\t<\/div>\n\t\t\t\t<div class=\"elementor-element elementor-element-9bd34aa elementor-nav-menu--dropdown-none elementor-hidden-desktop elementor-hidden-tablet elementor-widget elementor-widget-nav-menu\" data-id=\"9bd34aa\" data-element_type=\"widget\" data-e-type=\"widget\" data-settings=\"{&quot;layout&quot;:&quot;horizontal&quot;,&quot;submenu_icon&quot;:{&quot;value&quot;:&quot;&lt;i class=\\&quot;fas fa-caret-down\\&quot; aria-hidden=\\&quot;true\\&quot;&gt;&lt;\\\/i&gt;&quot;,&quot;library&quot;:&quot;fa-solid&quot;}}\" data-widget_type=\"nav-menu.default\">\n\t\t\t\t<div class=\"elementor-widget-container\">\n\t\t\t\t\t\t\t\t<nav aria-label=\"Menu\" class=\"elementor-nav-menu--main elementor-nav-menu__container elementor-nav-menu--layout-horizontal e--pointer-none\">\n\t\t\t\t<ul id=\"menu-1-9bd34aa\" class=\"elementor-nav-menu\"><li class=\"menu-item menu-item-type-post_type menu-item-object-page menu-item-785\"><a href=\"https:\/\/drcinqatar.org\/fr\/about\/\" class=\"elementor-item\">\u00c0 propos<\/a><\/li>\n<li class=\"menu-item menu-item-type-post_type menu-item-object-page menu-item-786\"><a href=\"https:\/\/drcinqatar.org\/fr\/general-facts\/\" class=\"elementor-item\">Faits g\u00e9n\u00e9raux<\/a><\/li>\n<li class=\"menu-item menu-item-type-post_type menu-item-object-page menu-item-787\"><a href=\"https:\/\/drcinqatar.org\/fr\/our-history\/\" class=\"elementor-item\">Histoire<\/a><\/li>\n<li class=\"menu-item menu-item-type-post_type menu-item-object-page menu-item-788\"><a href=\"https:\/\/drcinqatar.org\/fr\/geography\/\" class=\"elementor-item\">G\u00e9ographie<\/a><\/li>\n<li class=\"menu-item menu-item-type-post_type menu-item-object-page menu-item-789\"><a href=\"https:\/\/drcinqatar.org\/fr\/government\/\" class=\"elementor-item\">Gouvernement<\/a><\/li>\n<li class=\"menu-item menu-item-type-post_type menu-item-object-page menu-item-790\"><a href=\"https:\/\/drcinqatar.org\/fr\/culture\/\" class=\"elementor-item\">Culture<\/a><\/li>\n<li class=\"menu-item menu-item-type-post_type menu-item-object-page menu-item-791\"><a href=\"https:\/\/drcinqatar.org\/fr\/economy-invest\/\" class=\"elementor-item\">\u00c9conomie<\/a><\/li>\n<li class=\"menu-item menu-item-type-post_type menu-item-object-page menu-item-2403\"><a href=\"https:\/\/drcinqatar.org\/fr\/mot-de-lambassadeur\/\" class=\"elementor-item\">Mot de l\u2019Ambassadeur<\/a><\/li>\n<\/ul>\t\t\t<\/nav>\n\t\t\t\t\t\t<nav class=\"elementor-nav-menu--dropdown elementor-nav-menu__container\" aria-hidden=\"true\">\n\t\t\t\t<ul id=\"menu-2-9bd34aa\" class=\"elementor-nav-menu\"><li class=\"menu-item menu-item-type-post_type menu-item-object-page menu-item-785\"><a href=\"https:\/\/drcinqatar.org\/fr\/about\/\" class=\"elementor-item\" tabindex=\"-1\">\u00c0 propos<\/a><\/li>\n<li class=\"menu-item menu-item-type-post_type menu-item-object-page menu-item-786\"><a href=\"https:\/\/drcinqatar.org\/fr\/general-facts\/\" class=\"elementor-item\" tabindex=\"-1\">Faits g\u00e9n\u00e9raux<\/a><\/li>\n<li class=\"menu-item menu-item-type-post_type menu-item-object-page menu-item-787\"><a href=\"https:\/\/drcinqatar.org\/fr\/our-history\/\" class=\"elementor-item\" tabindex=\"-1\">Histoire<\/a><\/li>\n<li class=\"menu-item menu-item-type-post_type menu-item-object-page menu-item-788\"><a href=\"https:\/\/drcinqatar.org\/fr\/geography\/\" class=\"elementor-item\" tabindex=\"-1\">G\u00e9ographie<\/a><\/li>\n<li class=\"menu-item menu-item-type-post_type menu-item-object-page menu-item-789\"><a href=\"https:\/\/drcinqatar.org\/fr\/government\/\" class=\"elementor-item\" tabindex=\"-1\">Gouvernement<\/a><\/li>\n<li class=\"menu-item menu-item-type-post_type menu-item-object-page menu-item-790\"><a href=\"https:\/\/drcinqatar.org\/fr\/culture\/\" class=\"elementor-item\" tabindex=\"-1\">Culture<\/a><\/li>\n<li class=\"menu-item menu-item-type-post_type menu-item-object-page menu-item-791\"><a href=\"https:\/\/drcinqatar.org\/fr\/economy-invest\/\" class=\"elementor-item\" tabindex=\"-1\">\u00c9conomie<\/a><\/li>\n<li class=\"menu-item menu-item-type-post_type menu-item-object-page menu-item-2403\"><a href=\"https:\/\/drcinqatar.org\/fr\/mot-de-lambassadeur\/\" class=\"elementor-item\" tabindex=\"-1\">Mot de l\u2019Ambassadeur<\/a><\/li>\n<\/ul>\t\t\t<\/nav>\n\t\t\t\t\t\t<\/div>\n\t\t\t\t<\/div>\n\t\t\t\t\t<\/div>\n\t\t<\/div>\n\t\t\t\t<div class=\"elementor-column elementor-col-50 elementor-inner-column elementor-element elementor-element-5a30397d\" data-id=\"5a30397d\" data-element_type=\"column\" data-e-type=\"column\">\n\t\t\t<div class=\"elementor-widget-wrap elementor-element-populated\">\n\t\t\t\t\t\t<div class=\"elementor-element elementor-element-51afa64c elementor-widget elementor-widget-heading\" data-id=\"51afa64c\" data-element_type=\"widget\" data-e-type=\"widget\" data-widget_type=\"heading.default\">\n\t\t\t\t<div class=\"elementor-widget-container\">\n\t\t\t\t\t<h2 class=\"elementor-heading-title elementor-size-default\">\u00c9CONOMIE \/ INVESTIR\n<\/h2>\t\t\t\t<\/div>\n\t\t\t\t<\/div>\n\t\t\t\t<div class=\"elementor-element elementor-element-662e5ab elementor-widget elementor-widget-image\" data-id=\"662e5ab\" data-element_type=\"widget\" data-e-type=\"widget\" data-widget_type=\"image.default\">\n\t\t\t\t<div class=\"elementor-widget-container\">\n\t\t\t\t\t\t\t\t\t\t\t\t\t\t\t<img fetchpriority=\"high\" decoding=\"async\" width=\"1600\" height=\"900\" src=\"https:\/\/drcinqatar.org\/wp-content\/uploads\/2023\/04\/DRC-currency-Economy-min.png\" class=\"attachment-full size-full wp-image-177\" alt=\"\" srcset=\"https:\/\/drcinqatar.org\/wp-content\/uploads\/2023\/04\/DRC-currency-Economy-min.png 1600w, https:\/\/drcinqatar.org\/wp-content\/uploads\/2023\/04\/DRC-currency-Economy-min-300x169.png 300w, https:\/\/drcinqatar.org\/wp-content\/uploads\/2023\/04\/DRC-currency-Economy-min-1024x576.png 1024w, https:\/\/drcinqatar.org\/wp-content\/uploads\/2023\/04\/DRC-currency-Economy-min-768x432.png 768w, https:\/\/drcinqatar.org\/wp-content\/uploads\/2023\/04\/DRC-currency-Economy-min-1536x864.png 1536w\" sizes=\"(max-width: 1600px) 100vw, 1600px\" \/>\t\t\t\t\t\t\t\t\t\t\t\t\t\t\t<\/div>\n\t\t\t\t<\/div>\n\t\t\t\t<div class=\"elementor-element elementor-element-5922692f elementor-widget elementor-widget-text-editor\" data-id=\"5922692f\" data-element_type=\"widget\" data-e-type=\"widget\" data-widget_type=\"text-editor.default\">\n\t\t\t\t<div class=\"elementor-widget-container\">\n\t\t\t\t\t\t\t\t\t<p>L\u2019attraction des investissements \u00e9tant une variable endog\u00e8ne pour l\u2019am\u00e9lioration du climat des affaires, le Gouvernement de la R\u00e9publique D\u00e9mocratique du Congo continue de d\u00e9ployer des efforts consid\u00e9rables pour faire de son environnement une oasis d\u2019investissements nationaux et internationaux. C\u2019est dans cette optique que le Gouvernement de la RDC a valid\u00e9, le 2 juillet 2021, la feuille de route des r\u00e9formes sur le climat des affaires, dont la mise en \u0153uvre s\u2019est traduite par des missions confi\u00e9es aux Ministres sectoriels. Outre ces r\u00e9formes, il convient \u00e9galement de mettre en exergue la probl\u00e9matique de la gouvernance, dont le pays a fait une priorit\u00e9, gr\u00e2ce au leadership du Pr\u00e9sident, SE F\u00e9lix Antoine TSHISEKEDI. La RDC s\u2019est dot\u00e9e d\u2019un Plan National Strat\u00e9gique de D\u00e9veloppement (PNSD) pour permettre aux investisseurs d\u2019explorer de nouveaux march\u00e9s dans des secteurs porteurs de croissance. Ce plan se concentre sur un certain nombre de secteurs, notamment : l\u2019\u00e9ducation, les infrastructures, l\u2019\u00e9nergie, l\u2019agriculture, l\u2019industrie, les nouvelles technologies de l\u2019information et de la communication, les assurances, etc., qui devraient contribuer \u00e0 la diversification et \u00e0 la r\u00e9silience de l\u2019\u00e9conomie congolaise, principal gage de s\u00e9curit\u00e9 face aux chocs exog\u00e8nes. \u00c0 travers la mise en \u0153uvre de ce plan, le pays entend atteindre son niveau de d\u00e9veloppement en trois grandes phases, \u00e0 savoir:<\/p><ul><li>Devenir un pays \u00e0 revenu interm\u00e9diaire (1er niveau) d\u2019ici 2030 gr\u00e2ce \u00e0 la transformation de l\u2019agriculture.<\/li><li>Atteindre le stade des pays \u00e0 revenu interm\u00e9diaire (2e rang) d\u2019ici 2040 gr\u00e2ce \u00e0 la transformation de l\u2019industrie ;<\/li><li>Devenir un pays \u00e0 revenu \u00e9lev\u00e9 d\u2019ici 2050 gr\u00e2ce \u00e0 l\u2019accumulation de connaissances. Il s\u2019agira de construire une soci\u00e9t\u00e9 de la connaissance en investissant massivement dans le capital humain et dans la recherche et le d\u00e9veloppement.<\/li><\/ul><p>Pour plus d\u2019informations, veuillez consulter le site de l\u2019Agence Nationale pour la Promotion des Investissements ou contactez-nous via notre adresse e-mail : info@drcinqatar.org.<\/p>\t\t\t\t\t\t\t\t<\/div>\n\t\t\t\t<\/div>\n\t\t\t\t\t<\/div>\n\t\t<\/div>\n\t\t\t\t\t<\/div>\n\t\t<\/section>\n\t\t\t\t\t<\/div>\n\t\t<\/div>\n\t\t\t\t\t<\/div>\n\t\t<\/section>\n\t\t\t\t<\/div>\n\t\t","protected":false},"excerpt":{"rendered":"<p>\u00c9conomie \u00c9CONOMIE \/ INVESTIR L\u2019attraction des investissements \u00e9tant une variable endog\u00e8ne pour l\u2019am\u00e9lioration du climat des affaires, le Gouvernement de la R\u00e9publique D\u00e9mocratique du Congo continue de d\u00e9ployer des efforts consid\u00e9rables pour faire de son environnement une oasis d\u2019investissements nationaux et internationaux. C\u2019est dans cette optique que le Gouvernement de la RDC a valid\u00e9, le [&hellip;]<\/p>\n","protected":false},"author":1,"featured_media":0,"parent":0,"menu_order":0,"comment_status":"closed","ping_status":"closed","template":"elementor_header_footer","meta":{"_view_id":"","footnotes":""},"class_list":["post-749","page","type-page","status-publish","hentry"],"_links":{"self":[{"href":"https:\/\/drcinqatar.org\/fr\/wp-json\/wp\/v2\/pages\/749","targetHints":{"allow":["GET"]}}],"collection":[{"href":"https:\/\/drcinqatar.org\/fr\/wp-json\/wp\/v2\/pages"}],"about":[{"href":"https:\/\/drcinqatar.org\/fr\/wp-json\/wp\/v2\/types\/page"}],"author":[{"embeddable":true,"href":"https:\/\/drcinqatar.org\/fr\/wp-json\/wp\/v2\/users\/1"}],"replies":[{"embeddable":true,"href":"https:\/\/drcinqatar.org\/fr\/wp-json\/wp\/v2\/comments?post=749"}],"version-history":[{"count":9,"href":"https:\/\/drcinqatar.org\/fr\/wp-json\/wp\/v2\/pages\/749\/revisions"}],"predecessor-version":[{"id":4610,"href":"https:\/\/drcinqatar.org\/fr\/wp-json\/wp\/v2\/pages\/749\/revisions\/4610"}],"wp:attachment":[{"href":"https:\/\/drcinqatar.org\/fr\/wp-json\/wp\/v2\/media?parent=749"}],"curies":[{"name":"wp","href":"https:\/\/api.w.org\/{rel}","templated":true}]}}